{"id":16532,"date":"2020-07-09T23:52:46","date_gmt":"2020-07-09T23:52:46","guid":{"rendered":"https:\/\/communityforwardfund.ca\/fr\/?page_id=16532"},"modified":"2024-02-08T21:28:45","modified_gmt":"2024-02-08T21:28:45","slug":"produits","status":"publish","type":"page","link":"https:\/\/communityforwardfund.ca\/fr\/produits\/","title":{"rendered":"Produits"},"content":{"rendered":"<div class=\"wpb-content-wrapper\"><p>[vc_row bg_image=&#8221;16388&#8243; top_padding=&#8221;150&#8243; bottom_padding=&#8221;150&#8243; bg_position=&#8221;center center&#8221;][vc_column width=&#8221;1\/1&#8243;]<h1 class=\"headline font-special fontsize-xxxl fontweight-300 lh-13 align-left transform-uppercase \" style=\"margin: 0 0 20px 0; color: #ffffff;\">Produits<\/h1>[\/vc_column][\/vc_row][vc_row bg_color=&#8221;#71b170&#8243; top_padding=&#8221;60&#8243; bottom_padding=&#8221;50&#8243;][vc_column width=&#8221;1\/1&#8243;]<h1 class=\"headline font-inherit fontsize-m fontweight-300 lh-13 align-center transform-inherit \" style=\"margin: 0 0 20px 0; color: #ffffff;\">Nos produits peuvent \u00eatre personnalis\u00e9s afin de s\u2019adapter \u00e0 la capacit\u00e9 et aux besoins des organismes sans but lucratif, des organismes de bienfaisance, et des entreprises sociales, avec des taux d\u2019int\u00e9r\u00eat bas\u00e9s sur le risque \u00e9valu\u00e9 d\u2019un investissement et de l\u2019environnement \u00e9conomique \u00e0 cette p\u00e9riode.<\/h1>[\/vc_column][\/vc_row][vc_row bg_color=&#8221;#ffffff&#8221; top_padding=&#8221;40&#8243; bottom_padding=&#8221;40&#8243;][vc_column width=&#8221;1\/1&#8243;][vc_column_text]Voici des exemples de produits financiers propos\u00e9s par le FPC. N\u2019h\u00e9sitez pas \u00e0 <a href=\"https:\/\/communityforwardfund.ca\/fr\/contact\"><strong>discuter avec nous<\/strong><\/a> de vos besoins, de votre situation financi\u00e8re et du projet \u00e0 financer. L\u2019un des membres de notre \u00e9quipe vous aidera \u00e0 d\u00e9terminer quels produits pourraient \u00eatre les mieux adapt\u00e9s \u00e0 votre organisme sans but lucratif ou entreprise sociale.[\/vc_column_text][\/vc_column][\/vc_row][vc_row type=&#8221;full_width_section&#8221; bg_position=&#8221;left top&#8221;][vc_column column_padding=&#8221;padding-5&#8243; width=&#8221;1\/2&#8243;]<h2 class=\"headline font-special fontsize-l fontweight-400 lh-inherit align-left transform-uppercase \" style=\"margin: 0 0 0px 0; color: #71b170;\">PRODUITS DE PR\u00caT<\/h2><div class=\"minti_list wpb_content_element color-accent checkbox\" style=\"\">\n<ul>\n<li><strong>Montants\u00a0:<\/strong> 50\u00a0000 \u00e0 1\u00a0250\u00a0000\u00a0$<\/li>\n<li><strong>Taux d\u2019int\u00e9r\u00eat\u00a0:<\/strong> 5 \u00e0 10\u00a0% fixe, selon le risque \u00e9valu\u00e9<\/li>\n<\/ul>\n<\/div>[vc_tta_accordion style=&#8221;flat&#8221; shape=&#8221;square&#8221; color=&#8221;green&#8221; spacing=&#8221;4&#8243; gap=&#8221;4&#8243; active_section=&#8221;0&#8243; no_fill=&#8221;true&#8221; collapsible_all=&#8221;true&#8221;][vc_tta_section title=&#8221;Pr\u00eats \u00e0 terme&#8221; tab_id=&#8221;1525192214414-7e2371d5-bdf1f7bf-25c1&#8243;][vc_column_text]<\/p>\n<ul>\n<li>Exemples\u00a0: acquisition d\u2019immobilisations\u00a0; achat d\u2019\u00e9quipement<\/li>\n<li>\u00c9ch\u00e9ances\u00a0: 1 \u00e0 7 ans<\/li>\n<li>Amortissements\u00a0: jusqu\u2019\u00e0 25 ans<\/li>\n<li>D\u00e9lai de gr\u00e2ce pour le paiement du principal\u00a0: jusqu\u2019\u00e0 12 mois<\/li>\n<li>Garanties requises\u00a0: n\u00e9gociables. Elles peuvent inclure les 1<sup>er<\/sup> et 2<sup>\u00e8me<\/sup> privil\u00e8ges sur les immobilisations, des esp\u00e8ces ou d\u2019autres formes de garanties telles que les garanties de tiers.<\/li>\n<\/ul>\n<p>[\/vc_column_text][\/vc_tta_section][vc_tta_section title=&#8221;Hypoth\u00e8ques&#8221; tab_id=&#8221;1525192214441-71e9a39c-f85ef7bf-25c1&#8243;][vc_column_text]<\/p>\n<ul>\n<li>Exemples\u00a0: acquisition d\u2019immobilisations\u00a0; achat d\u2019\u00e9quipement<\/li>\n<li>\u00c9ch\u00e9ances\u00a0: 1 \u00e0 7 ans<\/li>\n<li>Amortissements\u00a0: jusqu\u2019\u00e0 25 ans<\/li>\n<li>D\u00e9lai de gr\u00e2ce pour le paiement du principal\u00a0: jusqu\u2019\u00e0 12 mois<\/li>\n<li>Garanties requises\u00a0: n\u00e9gociables. Elles peuvent inclure les 1<sup>er<\/sup> et 2<sup>\u00e8me<\/sup> privil\u00e8ges sur les immobilisations, des esp\u00e8ces.<\/li>\n<\/ul>\n<p>[\/vc_column_text][\/vc_tta_section][vc_tta_section title=&#8221;Pr\u00eats relais&#8221; tab_id=&#8221;1525192686628-5a15aaa0-921bf7bf-25c1&#8243;][vc_column_text]<\/p>\n<ul>\n<li>Exemples\u00a0: pr\u00eats de pr\u00e9-construction avec retrait du pr\u00eat de construction\u00a0; projets pour lesquels des subventions (ou d\u2019autres financements) ont \u00e9t\u00e9 obtenus mais ne sont pas disponibles pendant 6 mois ou plus et l\u2019organisation souhaite d\u00e9marrer le projet plus t\u00f4t.<\/li>\n<li>\u00c9ch\u00e9ances\u00a0: 6 \u00e0 24 mois<\/li>\n<li>Amortissement\u00a0: non applicable<\/li>\n<li>D\u00e9lai de gr\u00e2ce pour le paiement du principal\u00a0: jusqu\u2019\u00e0 24 mois<\/li>\n<li>Garanties requises\u00a0: n\u00e9gociables. Elles peuvent inclure les 1<sup>er<\/sup> et 2<sup>\u00e8me<\/sup> privil\u00e8ges sur les immobilisations, des esp\u00e8ces ou d\u2019autres formes de garanties telles que les garanties de tiers.<\/li>\n<\/ul>\n<p>[\/vc_column_text][\/vc_tta_section][vc_tta_section title=&#8221;Ligne de cr\u00e9dit renouvelable&#8221; tab_id=&#8221;1594335913559-6ead2f7e-ea42&#8243;][vc_column_text]<\/p>\n<ul>\n<li>Exemples\u00a0: pour le fonds de roulement ou la programmation<\/li>\n<li>\u00c9ch\u00e9ances\u00a0: jusqu\u2019\u00e0 5 ans<\/li>\n<li>Amortissement\u00a0: non applicable<\/li>\n<li>Garantie\u00a0: n\u00e9gociable<\/li>\n<\/ul>\n<p>[\/vc_column_text][\/vc_tta_section][vc_tta_section title=&#8221;Pr\u00eats li\u00e9s aux revenus&#8221; tab_id=&#8221;1594335936094-cbe8996a-670d&#8221;][vc_column_text]Les pr\u00eats li\u00e9s aux revenus et autres titres de cr\u00e9ance peuvent \u00eatre envisag\u00e9s en fonction des besoins, de la situation financi\u00e8re, et du risque d&#8217;un investissement propos\u00e9.[\/vc_column_text][\/vc_tta_section][vc_tta_section title=&#8221;Autre&#8221; tab_id=&#8221;1594335962737-ae81472e-7858&#8243;][vc_column_text]Veuillez <strong><a href=\"https:\/\/box2276.temp.domains\/~commuoh3\/fr\/contact\/\">contacter notre \u00e9quipe<\/a><\/strong> pour discuter de vos besoins sp\u00e9cifiques si l&#8217;un des produits \u00e9num\u00e9r\u00e9s ci-dessus ne peut pas r\u00e9pondre \u00e0 vos besoins.[\/vc_column_text][\/vc_tta_section][\/vc_tta_accordion][\/vc_column][vc_column bg_color=&#8221;#f7f7f7&#8243; column_padding=&#8221;padding-5&#8243; width=&#8221;1\/2&#8243;]<div class=\"single_image wpb_content_element align-left    \" data-animation=\"none\" data-delay=\"0\"><img loading=\"lazy\" decoding=\"async\" width=\"2000\" height=\"1366\" src=\"https:\/\/communityforwardfund.ca\/fr\/wp-content\/uploads\/2018\/06\/171021-Glenorchy-Grassland-Seed-Collection-27.jpg\" class=\"attachment-full\" alt=\"\" title=\"171021-Glenorchy-Grassland-Seed-Collection-27\" srcset=\"https:\/\/communityforwardfund.ca\/fr\/wp-content\/uploads\/2018\/06\/171021-Glenorchy-Grassland-Seed-Collection-27.jpg 2000w, https:\/\/communityforwardfund.ca\/fr\/wp-content\/uploads\/2018\/06\/171021-Glenorchy-Grassland-Seed-Collection-27-300x205.jpg 300w, https:\/\/communityforwardfund.ca\/fr\/wp-content\/uploads\/2018\/06\/171021-Glenorchy-Grassland-Seed-Collection-27-768x525.jpg 768w, https:\/\/communityforwardfund.ca\/fr\/wp-content\/uploads\/2018\/06\/171021-Glenorchy-Grassland-Seed-Collection-27-1024x699.jpg 1024w\" sizes=\"auto, (max-width: 2000px) 100vw, 2000px\" \/><\/div>[\/vc_column][\/vc_row][vc_row type=&#8221;full_width_section&#8221; bg_position=&#8221;left top&#8221;][vc_column width=&#8221;1\/1&#8243;]<div class=\"callout clearfix\" style=\"background-color:#71b170; color:#ffffff;\">\n\t\t<div class=\"callout-text\">Contactez-nous pour en savoir plus<\/div>\n\t\t\t<div class=\"callout-button\"><a class=\"button medium color-7\" href=\"https:\/\/communityforwardfund.ca\/fr\/contact\" target=\"_self\">CONTACT<\/a><\/div>\n\t\t<\/div>[\/vc_column][\/vc_row]<\/p>\n<\/div>","protected":false},"excerpt":{"rendered":"<p>[vc_row bg_image=&#8221;16388&#8243; top_padding=&#8221;150&#8243; bottom_padding=&#8221;150&#8243; bg_position=&#8221;center center&#8221;][vc_column width=&#8221;1\/1&#8243;][\/vc_column][\/vc_row][vc_row bg_color=&#8221;#71b170&#8243; top_padding=&#8221;60&#8243; bottom_padding=&#8221;50&#8243;][vc_column width=&#8221;1\/1&#8243;][\/vc_column][\/vc_row][vc_row bg_color=&#8221;#ffffff&#8221; top_padding=&#8221;40&#8243; bottom_padding=&#8221;40&#8243;][vc_column width=&#8221;1\/1&#8243;][vc_column_text]Voici des exemples de produits financiers propos\u00e9s par le FPC. N\u2019h\u00e9sitez pas \u00e0 discuter avec nous de vos besoins, de votre situation financi\u00e8re et du projet \u00e0 financer. L\u2019un des membres de notre \u00e9quipe vous aidera \u00e0 d\u00e9terminer quels produits pourraient \u00eatre les mieux adapt\u00e9s \u00e0 votre organisme sans but lucratif ou entreprise sociale.[\/vc_column_text][\/vc_column][\/vc_row][vc_row type=&#8221;full_width_section&#8221; bg_position=&#8221;left top&#8221;][vc_column column_padding=&#8221;padding-5&#8243; width=&#8221;1\/2&#8243;][vc_tta_accordion style=&#8221;flat&#8221; shape=&#8221;square&#8221; color=&#8221;green&#8221; spacing=&#8221;4&#8243; gap=&#8221;4&#8243; active_section=&#8221;0&#8243; no_fill=&#8221;true&#8221; collapsible_all=&#8221;true&#8221;][vc_tta_section title=&#8221;Pr\u00eats \u00e0 terme&#8221; tab_id=&#8221;1525192214414-7e2371d5-bdf1f7bf-25c1&#8243;][vc_column_text] Exemples\u00a0: acquisition d\u2019immobilisations\u00a0; achat d\u2019\u00e9quipement \u00c9ch\u00e9ances\u00a0: 1 \u00e0 7 ans Amortissements\u00a0: jusqu\u2019\u00e0 25 ans D\u00e9lai de gr\u00e2ce pour le paiement du principal\u00a0: jusqu\u2019\u00e0 12 mois Garanties requises\u00a0: n\u00e9gociables. Elles peuvent inclure les 1er et 2\u00e8me privil\u00e8ges sur les immobilisations, des esp\u00e8ces ou d\u2019autres formes de garanties telles que les garanties de tiers. [\/vc_column_text][\/vc_tta_section][vc_tta_section title=&#8221;Hypoth\u00e8ques&#8221; tab_id=&#8221;1525192214441-71e9a39c-f85ef7bf-25c1&#8243;][vc_column_text] Exemples\u00a0: acquisition d\u2019immobilisations\u00a0; achat d\u2019\u00e9quipement \u00c9ch\u00e9ances\u00a0: 1 \u00e0 7 ans Amortissements\u00a0: jusqu\u2019\u00e0 25 ans D\u00e9lai de gr\u00e2ce pour le paiement du principal\u00a0: jusqu\u2019\u00e0 12 mois Garanties requises\u00a0: n\u00e9gociables. Elles peuvent inclure les 1er et 2\u00e8me privil\u00e8ges sur les immobilisations, des esp\u00e8ces. [\/vc_column_text][\/vc_tta_section][vc_tta_section title=&#8221;Pr\u00eats relais&#8221; tab_id=&#8221;1525192686628-5a15aaa0-921bf7bf-25c1&#8243;][vc_column_text] Exemples\u00a0: pr\u00eats de pr\u00e9-construction avec retrait du pr\u00eat de construction\u00a0; projets pour lesquels des subventions [&hellip;]<\/p>\n","protected":false},"author":3,"featured_media":0,"parent":0,"menu_order":0,"comment_status":"open","ping_status":"open","template":"","meta":{"_monsterinsights_skip_tracking":false,"_monsterinsights_sitenote_active":false,"_monsterinsights_sitenote_note":"","_monsterinsights_sitenote_category":0,"footnotes":""},"class_list":["post-16532","page","type-page","status-publish","hentry"],"_links":{"self":[{"href":"https:\/\/communityforwardfund.ca\/fr\/wp-json\/wp\/v2\/pages\/16532","targetHints":{"allow":["GET"]}}],"collection":[{"href":"https:\/\/communityforwardfund.ca\/fr\/wp-json\/wp\/v2\/pages"}],"about":[{"href":"https:\/\/communityforwardfund.ca\/fr\/wp-json\/wp\/v2\/types\/page"}],"author":[{"embeddable":true,"href":"https:\/\/communityforwardfund.ca\/fr\/wp-json\/wp\/v2\/users\/3"}],"replies":[{"embeddable":true,"href":"https:\/\/communityforwardfund.ca\/fr\/wp-json\/wp\/v2\/comments?post=16532"}],"version-history":[{"count":2,"href":"https:\/\/communityforwardfund.ca\/fr\/wp-json\/wp\/v2\/pages\/16532\/revisions"}],"predecessor-version":[{"id":16814,"href":"https:\/\/communityforwardfund.ca\/fr\/wp-json\/wp\/v2\/pages\/16532\/revisions\/16814"}],"wp:attachment":[{"href":"https:\/\/communityforwardfund.ca\/fr\/wp-json\/wp\/v2\/media?parent=16532"}],"curies":[{"name":"wp","href":"https:\/\/api.w.org\/{rel}","templated":true}]}}