{"id":16526,"date":"2020-07-09T23:52:43","date_gmt":"2020-07-09T23:52:43","guid":{"rendered":"https:\/\/communityforwardfund.ca\/fr\/?page_id=16526"},"modified":"2024-02-08T21:34:38","modified_gmt":"2024-02-08T21:34:38","slug":"faq-financement","status":"publish","type":"page","link":"https:\/\/communityforwardfund.ca\/fr\/faq-financement\/","title":{"rendered":"FAQ financement"},"content":{"rendered":"<div class=\"wpb-content-wrapper\"><p>[vc_row bg_image=&#8221;16388&#8243; top_padding=&#8221;150&#8243; bottom_padding=&#8221;150&#8243; bg_position=&#8221;center center&#8221;][vc_column width=&#8221;1\/1&#8243;]<h1 class=\"headline font-special fontsize-xxxl fontweight-300 lh-13 align-left transform-inherit \" style=\"margin: 0 0 20px 0; color: #ffffff;\">FAQ financement<\/h1>[\/vc_column][\/vc_row][vc_row bg_color=&#8221;#71b170&#8243; top_padding=&#8221;60&#8243; bottom_padding=&#8221;50&#8243;][vc_column width=&#8221;1\/1&#8243;]<div class=\"headline font-inherit fontsize-m fontweight-300 lh-13 align-center transform-inherit \" style=\"margin: 0 0 20px 0; color: #ffffff;\">QUESTIONS FR\u00c9QUEMMENT POS\u00c9ES SUR LE FPC<\/div>[\/vc_column][\/vc_row][vc_row type=&#8221;full_width_section&#8221; bg_position=&#8221;left top&#8221;][vc_column column_padding=&#8221;padding-5&#8243; width=&#8221;1\/2&#8243;][vc_tta_accordion style=&#8221;flat&#8221; shape=&#8221;square&#8221; spacing=&#8221;4&#8243; gap=&#8221;4&#8243; active_section=&#8221;0&#8243; no_fill=&#8221;true&#8221; collapsible_all=&#8221;true&#8221;][vc_tta_section title=&#8221;Qui peut demander un financement ?&#8221; tab_id=&#8221;1525192214414-7e2371d5-bdf1f7bf-25c1&#8243;][vc_column_text]Le FPC investit dans le secteur des organismes de bienfaisance et \u00e0 but non lucratif sous forme de pr\u00eats. Nous pr\u00eatons aux petites et moyennes organisations qui sont \u00e9tablies et qui s&#8217;engagent \u00e0 servir leurs communaut\u00e9s.[\/vc_column_text][\/vc_tta_section][vc_tta_section title=&#8221;Quels types d\u2019organisations le FPC peut-il financer ?&#8221; tab_id=&#8221;1525192214441-71e9a39c-f85ef7bf-25c1&#8243;][vc_column_text]Le FPC a \u00e9t\u00e9 con\u00e7u pour fournir un financement novateur \u00e0 des organismes sans but non lucratif, \u00e0 des organismes de bienfaisance, et \u00e0 des entreprises sociales de n\u2019importe quel secteur au Canada. La FCE n&#8217;accordera pas de financement aux organismes qui sont r\u00e9gis par les lois des \u00c9tats-Unis ou d&#8217;autres pays, ou qui tirent la majorit\u00e9 de leurs revenus de l&#8217;ext\u00e9rieur du Canada ou dont l&#8217;impact\/le travail communautaire principal se situe \u00e0 l&#8217;ext\u00e9rieur du Canada.[\/vc_column_text][\/vc_tta_section][vc_tta_section title=&#8221;Le FPC finance-t-il des start-ups ?&#8221; tab_id=&#8221;1525192686628-5a15aaa0-921bf7bf-25c1&#8243;][vc_column_text]En r\u00e8gle g\u00e9n\u00e9rale, le FPC finance des organisations ayant au moins un \u00e0 deux ans d&#8217;exp\u00e9rience op\u00e9rationnelle et de r\u00e9sultats financiers. Cependant, dans des cas particuliers, le FPC envisagera des pr\u00eats de d\u00e9marrage. Dans ces cas, le FPC recherchera une combinaison de solide exp\u00e9rience de la gestion et du conseil d&#8217;administration, un parrainage organisationnel important, des engagements de la part de particuliers, de gouvernements, de fondations ou d&#8217;autres organisations, et un mod\u00e8le commercial complet comprenant des \u00e9valuations et des projections du march\u00e9.[\/vc_column_text][\/vc_tta_section][vc_tta_section title=&#8221;Quel type de financement le FPC fournit-il ?&#8221; tab_id=&#8221;1594335913559-6ead2f7e-ea42&#8243;][vc_column_text]Veuillez consulter notre page produits <a href=\"https:\/\/box2276.temp.domains\/~commuoh3\/fr\/produits\"><strong>ici<\/strong><\/a>.<\/p>\n<p>Le FPC fournit des pr\u00eats et autres dettes \u00e0 des organismes \u00e0 but non lucratif et \u00e0 des organismes de bienfaisance qui peuvent \u00eatre accord\u00e9s \u00e0 diverses fins, notamment l\u2019acquisition ou l\u2019am\u00e9lioration de capital, le financement relais, le d\u00e9veloppement d\u2019entreprises et le fonds de roulement. Le FPC poss\u00e8de la flexibilit\u00e9 de structurer les pr\u00eats pour r\u00e9pondre aux besoins de tr\u00e9sorerie des organismes \u2013 par exemple, les pr\u00eats assortis d\u2019une p\u00e9riode d\u2019int\u00e9r\u00eat uniquement, les paiements d\u2019int\u00e9r\u00eats progressifs, les paiements diff\u00e9r\u00e9s, les paiements bas\u00e9s sur les revenus, et les p\u00e9riodes d\u2019amortissement \u00e0 long terme.[\/vc_column_text][\/vc_tta_section][vc_tta_section title=&#8221;Quel volume de pr\u00eat \/ fonds propres le FPC peut-il fournir ?&#8221; tab_id=&#8221;1594335936094-cbe8996a-670d&#8221;][vc_column_text]Le FPC accorde des pr\u00eats de 50\u00a0000 \u00e0 1\u00a0250\u00a0000\u00a0$. \u00c0 titre exceptionnel, le FPC peut envisager des pr\u00eats d\u2019un montant inf\u00e9rieur \u00e0 la limite de 50\u00a0000\u00a0$. \u00c0 mesure que le fonds d\u2019investissement se d\u00e9veloppe, la limite sup\u00e9rieure des investissements peut augmenter.[\/vc_column_text][\/vc_tta_section][vc_tta_section title=&#8221;Combien de temps prend le traitement d\u2019une demande ?&#8221; tab_id=&#8221;1594335962737-ae81472e-7858&#8243;][vc_column_text]30 \u00e0 60 jours entre la demande et le d\u00e9caissement, selon la complexit\u00e9 du pr\u00eat ou de l\u2019investissement et si toutes les informations n\u00e9cessaires \u00e0 l\u2019examen de la demande sont disponibles. \u00c0 titre exceptionnel et lorsque le demandeur dispose des informations requises, une demande peut \u00eatre trait\u00e9e dans un d\u00e9lai plus court.[\/vc_column_text][\/vc_tta_section][\/vc_tta_accordion][\/vc_column][vc_column column_padding=&#8221;padding-5&#8243; width=&#8221;1\/2&#8243;][vc_tta_accordion style=&#8221;flat&#8221; shape=&#8221;square&#8221; spacing=&#8221;4&#8243; gap=&#8221;4&#8243; active_section=&#8221;0&#8243; no_fill=&#8221;true&#8221; collapsible_all=&#8221;true&#8221;][vc_tta_section title=&#8221;Quels sont les frais de dossier ?&#8221; tab_id=&#8221;1594336963886-61f27a2e-d595&#8243;][vc_column_text]Le FPC a un processus de demande en deux parties et des frais. Avant m\u00eame de faire la demande, nous invitons les organismes \u00e0 parler d\u2019abord \u00e0 notre \u00e9quipe du financement demand\u00e9 afin de comprendre s\u2019il pourrait y avoir une possibilit\u00e9 d\u2019entente avant qu\u2019une demande soit effectu\u00e9e et que les frais soient pay\u00e9s. Les frais sont divis\u00e9s en 2 parties\u00a0: (i) 250\u00a0$ pour l\u2019examen initial et (ii) 750\u00a0$ une fois l\u2019examen initial termin\u00e9 et si le FPC estime qu\u2019il y a suffisamment d\u2019informations pour passer \u00e0 la 2<sup>\u00e8me<\/sup> phase du processus de demande et d\u2019examen. Ces frais ne sont pas remboursables.[\/vc_column_text][\/vc_tta_section][vc_tta_section title=&#8221;Comment faire une demande de financement aupr\u00e8s du FPC ?&#8221; tab_id=&#8221;1594336963904-d917185a-363e&#8221;][vc_column_text]Dans un premier temps, veuillez remplir notre auto-\u00e9valuation <a href=\"https:\/\/docs.google.com\/forms\/d\/e\/1FAIpQLSd60CkFxHvZSs1nOhMggJsnrP61h3tK_KcuIto3OMGhXjvaLA\/viewform\"><strong>ici<\/strong><\/a> afin de d\u00e9terminer si vous devriez demander un financement aupr\u00e8s du FPC. Nous pr\u00e9f\u00e9rons d\u2019abord <a href=\"https:\/\/box2276.temp.domains\/~commuoh3\/fr\/contact\"><strong>parler<\/strong><\/a> avec les candidats potentiels pour comprendre vos besoins et d\u00e9terminer s\u2019il pourrait y avoir un ajustement \u00e0 notre financement et quelle forme de financement convient le mieux \u00e0 vos besoins. Nous vous inviterons ensuite \u00e0 compl\u00e9ter la partie 1 du formulaire de demande.<\/p>\n<p>Vous trouverez <a href=\"https:\/\/box2276.temp.domains\/~commuoh3\/fr\/ressources\/\" target=\"_blank\" rel=\"noopener\"><strong>ici<\/strong><\/a> une copie de la partie 1 du formulaire de demande, y compris les informations qui seront demand\u00e9es. Dans la partie 1 du formulaire, nous vous demandons des informations sur vos besoins, les finances de l\u2019organisme (\u00e9tats financiers historiques, projections, etc.) ainsi que des informations sur le conseil d\u2019administration et l\u2019\u00e9quipe de direction.<\/p>\n<p>Une fois que nous aurons examin\u00e9 la partie 1 de la demande, nous vous en informerons et nous vous ferons savoir si nous pensons qu\u2019il y a suffisamment d\u2019informations pour passer \u00e0 la 2<sup>\u00e8me<\/sup> phase du processus de demande et de l\u2019examen. Si tel est le cas, nous vous inviterons \u00e0 remplir la partie 2 du formulaire de candidature.[\/vc_column_text][\/vc_tta_section][vc_tta_section title=&#8221;Que se passe-t-il une fois que j\u2019ai soumis la demande ?&#8221; tab_id=&#8221;1594337601898-06651224-0ffb&#8221;][vc_column_text]Une fois la demande au FPC re\u00e7ue, nous communiquons avec le demandeur et entamons l\u2019examen des informations fournies, nous prenons connaissances des exigences d\u2019investissement et \u00e9valuons le plan d\u2019affaires, les finances de l\u2019organisme, les forces et risques de l\u2019organisation et d\u2019autres facteurs pertinents. Nous pouvons effectuer une visite sur place de l\u2019organisme et nous entretenir avec des personnes cl\u00e9s dans le cadre de ce processus.[\/vc_column_text][\/vc_tta_section][vc_tta_section title=&#8221;Une fois que ma demande a \u00e9t\u00e9 examin\u00e9e, qui l\u2019approuve \/ la refuse ?&#8221; tab_id=&#8221;1594337629035-c8675322-ad5c&#8221;][vc_column_text]Une fois la demande examin\u00e9e, elle est ensuite soumise \u00e0 un comit\u00e9 d\u2019investissement du gestionnaire de fonds pour examen. Ce comit\u00e9 examine la recommandation d\u2019investissement pr\u00e9par\u00e9e par le personnel du gestionnaire de fonds FPC.[\/vc_column_text][\/vc_tta_section][vc_tta_section title=&#8221;Qui sera mon principal point de contact au FPC ?&#8221; tab_id=&#8221;1594337650510-395095f7-0553&#8243;][vc_column_text]Un candidat travaillera avec un membre exp\u00e9riment\u00e9 de l\u2019\u00e9quipe du FPC poss\u00e9dant des connaissances sp\u00e9cifiques sur la fa\u00e7on dont les coop\u00e9ratives diff\u00e8rent des autres mod\u00e8les commerciaux. Le FPC a deux experts financiers d\u00e9di\u00e9s qui examineront votre proposition, ainsi qu\u2019un gestionnaire qui pourra vous aider dans ce processus en fonction de l\u2019emplacement de votre coop\u00e9rative.[\/vc_column_text][\/vc_tta_section][vc_tta_section title=&#8221;Quelles organisations le FPC a-t-il financ\u00e9 ?&#8221; tab_id=&#8221;1594337674707-aec14d49-b38f&#8221;][vc_column_text]Vous pouvez voir certaines des organisations que le FPC a financ\u00e9es sur notre page Exemples de financement <a href=\"https:\/\/box2276.temp.domains\/~commuoh3\/fr\/exemples-de-financement\"><strong>ici<\/strong><\/a>.[\/vc_column_text][\/vc_tta_section][\/vc_tta_accordion][\/vc_column][\/vc_row][vc_row type=&#8221;full_width_section&#8221; bg_position=&#8221;left top&#8221;][vc_column width=&#8221;1\/1&#8243;]<div class=\"callout clearfix\" style=\"background-color:#71b170; color:#ffffff;\">\n\t\t<div class=\"callout-text\">Contactez-nous pour en savoir plus<\/div>\n\t\t\t<div class=\"callout-button\"><a class=\"button medium color-7\" href=\"https:\/\/communityforwardfund.ca\/fr\/contact\" target=\"_self\">CONTACT<\/a><\/div>\n\t\t<\/div>[\/vc_column][\/vc_row]<\/p>\n<\/div>","protected":false},"excerpt":{"rendered":"<p>[vc_row bg_image=&#8221;16388&#8243; top_padding=&#8221;150&#8243; bottom_padding=&#8221;150&#8243; bg_position=&#8221;center center&#8221;][vc_column width=&#8221;1\/1&#8243;][\/vc_column][\/vc_row][vc_row bg_color=&#8221;#71b170&#8243; top_padding=&#8221;60&#8243; bottom_padding=&#8221;50&#8243;][vc_column width=&#8221;1\/1&#8243;][\/vc_column][\/vc_row][vc_row type=&#8221;full_width_section&#8221; bg_position=&#8221;left top&#8221;][vc_column column_padding=&#8221;padding-5&#8243; width=&#8221;1\/2&#8243;][vc_tta_accordion style=&#8221;flat&#8221; shape=&#8221;square&#8221; spacing=&#8221;4&#8243; gap=&#8221;4&#8243; active_section=&#8221;0&#8243; no_fill=&#8221;true&#8221; collapsible_all=&#8221;true&#8221;][vc_tta_section title=&#8221;Qui peut demander un financement ?&#8221; tab_id=&#8221;1525192214414-7e2371d5-bdf1f7bf-25c1&#8243;][vc_column_text]Le FPC investit dans le secteur des organismes de bienfaisance et \u00e0 but non lucratif sous forme de pr\u00eats. Nous pr\u00eatons aux petites et moyennes organisations qui sont \u00e9tablies et qui s&#8217;engagent \u00e0 servir leurs communaut\u00e9s.[\/vc_column_text][\/vc_tta_section][vc_tta_section title=&#8221;Quels types d\u2019organisations le FPC peut-il financer ?&#8221; tab_id=&#8221;1525192214441-71e9a39c-f85ef7bf-25c1&#8243;][vc_column_text]Le FPC a \u00e9t\u00e9 con\u00e7u pour fournir un financement novateur \u00e0 des organismes sans but non lucratif, \u00e0 des organismes de bienfaisance, et \u00e0 des entreprises sociales de n\u2019importe quel secteur au Canada. La FCE n&#8217;accordera pas de financement aux organismes qui sont r\u00e9gis par les lois des \u00c9tats-Unis ou d&#8217;autres pays, ou qui tirent la majorit\u00e9 de leurs revenus de l&#8217;ext\u00e9rieur du Canada ou dont l&#8217;impact\/le travail communautaire principal se situe \u00e0 l&#8217;ext\u00e9rieur du Canada.[\/vc_column_text][\/vc_tta_section][vc_tta_section title=&#8221;Le FPC finance-t-il des start-ups ?&#8221; tab_id=&#8221;1525192686628-5a15aaa0-921bf7bf-25c1&#8243;][vc_column_text]En r\u00e8gle g\u00e9n\u00e9rale, le FPC finance des organisations ayant au moins un \u00e0 deux ans d&#8217;exp\u00e9rience op\u00e9rationnelle et de r\u00e9sultats financiers. Cependant, dans des cas particuliers, le FPC envisagera des pr\u00eats de d\u00e9marrage. Dans ces cas, le FPC recherchera une combinaison de solide exp\u00e9rience de [&hellip;]<\/p>\n","protected":false},"author":3,"featured_media":0,"parent":0,"menu_order":0,"comment_status":"open","ping_status":"open","template":"","meta":{"_monsterinsights_skip_tracking":false,"_monsterinsights_sitenote_active":false,"_monsterinsights_sitenote_note":"","_monsterinsights_sitenote_category":0,"footnotes":""},"class_list":["post-16526","page","type-page","status-publish","hentry"],"_links":{"self":[{"href":"https:\/\/communityforwardfund.ca\/fr\/wp-json\/wp\/v2\/pages\/16526","targetHints":{"allow":["GET"]}}],"collection":[{"href":"https:\/\/communityforwardfund.ca\/fr\/wp-json\/wp\/v2\/pages"}],"about":[{"href":"https:\/\/communityforwardfund.ca\/fr\/wp-json\/wp\/v2\/types\/page"}],"author":[{"embeddable":true,"href":"https:\/\/communityforwardfund.ca\/fr\/wp-json\/wp\/v2\/users\/3"}],"replies":[{"embeddable":true,"href":"https:\/\/communityforwardfund.ca\/fr\/wp-json\/wp\/v2\/comments?post=16526"}],"version-history":[{"count":16,"href":"https:\/\/communityforwardfund.ca\/fr\/wp-json\/wp\/v2\/pages\/16526\/revisions"}],"predecessor-version":[{"id":16821,"href":"https:\/\/communityforwardfund.ca\/fr\/wp-json\/wp\/v2\/pages\/16526\/revisions\/16821"}],"wp:attachment":[{"href":"https:\/\/communityforwardfund.ca\/fr\/wp-json\/wp\/v2\/media?parent=16526"}],"curies":[{"name":"wp","href":"https:\/\/api.w.org\/{rel}","templated":true}]}}