{"id":16519,"date":"2020-07-09T23:52:49","date_gmt":"2020-07-09T23:52:49","guid":{"rendered":"https:\/\/communityforwardfund.ca\/fr\/?page_id=16519"},"modified":"2024-02-08T21:33:34","modified_gmt":"2024-02-08T21:33:34","slug":"processus-de-demande","status":"publish","type":"page","link":"https:\/\/communityforwardfund.ca\/fr\/processus-de-demande\/","title":{"rendered":"Processus de demande"},"content":{"rendered":"<div class=\"wpb-content-wrapper\"><p>[vc_row bg_image=&#8221;16116&#8243; top_padding=&#8221;150&#8243; bottom_padding=&#8221;150&#8243; bg_position=&#8221;center center&#8221;][vc_column width=&#8221;1\/1&#8243;]<h1 class=\"headline font-special fontsize-xxxl fontweight-300 lh-13 align-left transform-uppercase \" style=\"margin: 0 0 20px 0; color: #ffffff;\">PROCESSUS DE DEMANDE<\/h1>[\/vc_column][\/vc_row][vc_row bg_color=&#8221;#71b170&#8243; top_padding=&#8221;60&#8243; bottom_padding=&#8221;50&#8243;][vc_column width=&#8221;1\/1&#8243;]<div class=\"headline font-inherit fontsize-m fontweight-300 lh-13 align-center transform-inherit \" style=\"margin: 0 0 20px 0; color: #ffffff;\">La collaboration avec le Fonds de progr\u00e8s communautaire est transparente et facile.<br \/>\nVous trouverez ci-dessous un r\u00e9sum\u00e9 du fonctionnement du processus.<\/div>[\/vc_column][\/vc_row][vc_row type=&#8221;full_width_section&#8221; class=&#8221;mobile_row_hide&#8221; bg_position=&#8221;left top&#8221;][vc_column column_padding=&#8221;padding-5&#8243; width=&#8221;1\/2&#8243;][vc_column_text]<\/p>\n<h1><span style=\"color: #71b170;\">NOUVEAUX EMPRUNTEURS<\/span><\/h1>\n<p>[\/vc_column_text]<div class=\"iconbox  wpb_content_element iconbox-style-1 icon-color-accent color-dark animation-none\"><h3><i class=\"fa fa-users boxicon\" style=\"\"><\/i><span><\/span><\/h3><p>Prenez cette <a href=\"https:\/\/forms.gle\/oBV5NJYgkmMTEfst5\" target=\"_blank\" rel=\"noopener\"><strong>auto-\u00e9valuation de 2 minutes<\/strong><\/a> pour d\u00e9terminer si vous devez demander un financement aupr\u00e8s de nous. Si vous avez des questions sur l&#8217;auto-\u00e9valuation, vous pouvez <strong><a href=\"tel:6133661169\">nous appeler<\/a><\/strong>\u00a0ou <a href=\"mailto:info@communityforwardfund.ca\"><strong>nous envoyer un courriel<\/strong><\/a>.<\/p><\/div><div class=\"iconbox  wpb_content_element iconbox-style-1 icon-color-accent color-dark animation-none\"><h3><i class=\"fa fa-phone boxicon\" style=\"\"><\/i><span><\/span><\/h3><p>Nous planifierons une discussion individuelle sur vos options de financement et les prochaines \u00e9tapes.<\/p><\/div><div class=\"iconbox  wpb_content_element iconbox-style-1 icon-color-accent color-dark animation-none\"><h3><i class=\"fa fa-edit boxicon\" style=\"\"><\/i><span><\/span><\/h3><p>Une fois que nous aurons discut\u00e9 si le financement du FFC pourrait convenir, nous vous inviterons \u00e0 remplir la partie 1 du formulaire de demande (<strong><a href=\"https:\/\/communityforwardfund.ca\/fr\/wp-content\/uploads\/2021\/03\/CFF-Loan-Application-Form-Part-1-FR.pdf\" target=\"_blank\" rel=\"noopener\">vous pouvez voir ce qui sera requis ici<\/a><\/strong>).<\/p><\/div>[\/vc_column][vc_column bg_color=&#8221;#1cbac8&#8243; bg_image=&#8221;15612&#8243; column_padding=&#8221;padding-5&#8243; column_center=&#8221;true&#8221; text_color=&#8221;light&#8221; width=&#8221;1\/2&#8243;]<div class=\"spacer\" style=\"height: 300px;\"><\/div>[\/vc_column][\/vc_row][vc_row type=&#8221;full_width_section&#8221; class=&#8221;desktop_row_hide&#8221; bg_position=&#8221;left top&#8221;][vc_column column_padding=&#8221;padding-5&#8243; width=&#8221;1\/2&#8243;][vc_column_text]<\/p>\n<h1><span style=\"color: #71b170;\">NOUVEAUX EMPRUNTEURS<\/span><\/h1>\n<p>[\/vc_column_text]<div class=\"headline font-inherit fontsize-m fontweight-300 lh-13 align-left transform-inherit \" style=\"margin: 0 0 60px 0;\">La collaboration avec le Fonds de progr\u00e8s communautaire est transparente et conviviale. Voici un r\u00e9sum\u00e9 du fonctionnement du processus de demande:<\/div><div class=\"iconbox  wpb_content_element iconbox-style-1 icon-color-accent color-dark animation-none\"><h3><i class=\"fa fa-users boxicon\" style=\"\"><\/i><span><\/span><\/h3><p>Prenez cette <a href=\"https:\/\/forms.gle\/oBV5NJYgkmMTEfst5\" target=\"_blank\" rel=\"noopener\"><strong>auto-\u00e9valuation de 2 minutes<\/strong><\/a> pour d\u00e9terminer si vous devez demander un financement aupr\u00e8s de nous. Si vous avez des questions sur l&#8217;auto-\u00e9valuation, vous pouvez <strong><a href=\"tel:6133661169\">nous appeler<\/a><\/strong>\u00a0ou <strong><a href=\"mailto:info@communityforwardfund.ca\">nous envoyer un courriel<\/a><\/strong>.<\/p><\/div><div class=\"iconbox  wpb_content_element iconbox-style-1 icon-color-accent color-dark animation-none\"><h3><i class=\"fa fa-phone boxicon\" style=\"\"><\/i><span><\/span><\/h3><p>Nous planifierons une discussion individuelle sur vos options de financement et les prochaines \u00e9tapes.<\/p><\/div><div class=\"iconbox  wpb_content_element iconbox-style-1 icon-color-accent color-dark animation-none\"><h3><i class=\"fa fa-edit boxicon\" style=\"\"><\/i><span><\/span><\/h3><p>Une fois que nous aurons discut\u00e9 si le financement du FFC pourrait convenir, nous vous inviterons \u00e0 remplir la partie 1 du formulaire de demande (<strong><a href=\"https:\/\/communityforwardfund.ca\/fr\/wp-content\/uploads\/2020\/11\/CFF-Loan-Application-Form-Part-1-FR.pdf\" target=\"_blank\" rel=\"noopener\">vous pouvez voir ce qui sera requis ici<\/a><\/strong>).<\/p><\/div>[\/vc_column][vc_column bg_color=&#8221;#1cbac8&#8243; bg_image=&#8221;15612&#8243; column_padding=&#8221;padding-5&#8243; column_center=&#8221;true&#8221; text_color=&#8221;light&#8221; width=&#8221;1\/2&#8243;]<div class=\"spacer\" style=\"height: 300px;\"><\/div>[\/vc_column][\/vc_row][vc_row type=&#8221;full_width_section&#8221; bg_position=&#8221;left top&#8221;][vc_column width=&#8221;1\/1&#8243;]<div class=\"callout clearfix\" style=\"background-color:#71b170; color:#ffffff;\">\n\t\t<div class=\"callout-text\">Contactez-nous pour en savoir plus<\/div>\n\t\t\t<div class=\"callout-button\"><a class=\"button medium color-7\" href=\"https:\/\/communityforwardfund.ca\/fr\/contact\" target=\"_self\">CONTACT<\/a><\/div>\n\t\t<\/div>[\/vc_column][\/vc_row]<\/p>\n<\/div>","protected":false},"excerpt":{"rendered":"<p>[vc_row bg_image=&#8221;16116&#8243; top_padding=&#8221;150&#8243; bottom_padding=&#8221;150&#8243; bg_position=&#8221;center center&#8221;][vc_column width=&#8221;1\/1&#8243;][\/vc_column][\/vc_row][vc_row bg_color=&#8221;#71b170&#8243; top_padding=&#8221;60&#8243; bottom_padding=&#8221;50&#8243;][vc_column width=&#8221;1\/1&#8243;][\/vc_column][\/vc_row][vc_row type=&#8221;full_width_section&#8221; class=&#8221;mobile_row_hide&#8221; bg_position=&#8221;left top&#8221;][vc_column column_padding=&#8221;padding-5&#8243; width=&#8221;1\/2&#8243;][vc_column_text] NOUVEAUX EMPRUNTEURS [\/vc_column_text][\/vc_column][vc_column bg_color=&#8221;#1cbac8&#8243; bg_image=&#8221;15612&#8243; column_padding=&#8221;padding-5&#8243; column_center=&#8221;true&#8221; text_color=&#8221;light&#8221; width=&#8221;1\/2&#8243;][\/vc_column][\/vc_row][vc_row type=&#8221;full_width_section&#8221; class=&#8221;desktop_row_hide&#8221; bg_position=&#8221;left top&#8221;][vc_column column_padding=&#8221;padding-5&#8243; width=&#8221;1\/2&#8243;][vc_column_text] NOUVEAUX EMPRUNTEURS [\/vc_column_text][\/vc_column][vc_column bg_color=&#8221;#1cbac8&#8243; bg_image=&#8221;15612&#8243; column_padding=&#8221;padding-5&#8243; column_center=&#8221;true&#8221; text_color=&#8221;light&#8221; width=&#8221;1\/2&#8243;][\/vc_column][\/vc_row][vc_row type=&#8221;full_width_section&#8221; bg_position=&#8221;left top&#8221;][vc_column width=&#8221;1\/1&#8243;][\/vc_column][\/vc_row]<\/p>\n","protected":false},"author":3,"featured_media":0,"parent":0,"menu_order":0,"comment_status":"open","ping_status":"open","template":"","meta":{"_monsterinsights_skip_tracking":false,"_monsterinsights_sitenote_active":false,"_monsterinsights_sitenote_note":"","_monsterinsights_sitenote_category":0,"footnotes":""},"class_list":["post-16519","page","type-page","status-publish","hentry"],"_links":{"self":[{"href":"https:\/\/communityforwardfund.ca\/fr\/wp-json\/wp\/v2\/pages\/16519","targetHints":{"allow":["GET"]}}],"collection":[{"href":"https:\/\/communityforwardfund.ca\/fr\/wp-json\/wp\/v2\/pages"}],"about":[{"href":"https:\/\/communityforwardfund.ca\/fr\/wp-json\/wp\/v2\/types\/page"}],"author":[{"embeddable":true,"href":"https:\/\/communityforwardfund.ca\/fr\/wp-json\/wp\/v2\/users\/3"}],"replies":[{"embeddable":true,"href":"https:\/\/communityforwardfund.ca\/fr\/wp-json\/wp\/v2\/comments?post=16519"}],"version-history":[{"count":19,"href":"https:\/\/communityforwardfund.ca\/fr\/wp-json\/wp\/v2\/pages\/16519\/revisions"}],"predecessor-version":[{"id":16820,"href":"https:\/\/communityforwardfund.ca\/fr\/wp-json\/wp\/v2\/pages\/16519\/revisions\/16820"}],"wp:attachment":[{"href":"https:\/\/communityforwardfund.ca\/fr\/wp-json\/wp\/v2\/media?parent=16519"}],"curies":[{"name":"wp","href":"https:\/\/api.w.org\/{rel}","templated":true}]}}