{"id":16512,"date":"2020-07-09T23:52:57","date_gmt":"2020-07-09T23:52:57","guid":{"rendered":"https:\/\/communityforwardfund.ca\/fr\/?page_id=16512"},"modified":"2024-02-08T21:28:01","modified_gmt":"2024-02-08T21:28:01","slug":"ce-que-nous-faisons","status":"publish","type":"page","link":"https:\/\/communityforwardfund.ca\/fr\/ce-que-nous-faisons\/","title":{"rendered":"Ce que nous faisons"},"content":{"rendered":"<div class=\"wpb-content-wrapper\"><p>[vc_row bg_image=&#8221;16444&#8243; top_padding=&#8221;150&#8243; bottom_padding=&#8221;150&#8243; bg_position=&#8221;center center&#8221;][vc_column width=&#8221;1\/1&#8243;]<h1 class=\"headline font-special fontsize-xxxl fontweight-300 lh-13 align-left transform-uppercase \" style=\"margin: 0 0 20px 0; color: #ffffff;\">PR\u00caT COMMUNAUTAIRE<\/h1>[\/vc_column][\/vc_row][vc_row bg_color=&#8221;#71b170&#8243; top_padding=&#8221;60&#8243; bottom_padding=&#8221;50&#8243;][vc_column width=&#8221;1\/1&#8243;]<h1 class=\"headline font-special fontsize-xxl fontweight-300 lh-13 align-center transform-inherit \" style=\"margin: 0 0 20px 0; color: #ffffff;\">CE QUE NOUS FAISONS<\/h1>[\/vc_column][\/vc_row][vc_row type=&#8221;full_width_section&#8221; bg_position=&#8221;left top&#8221;][vc_column column_padding=&#8221;padding-5&#8243; text_color=&#8221;custom&#8221; custom_text_color=&#8221;#1cbac8&#8243; width=&#8221;1\/2&#8243;][vc_column_text]<\/p>\n<h1><span style=\"color: #71b170;\">\u00c0 PROPOS<\/span><\/h1>\n<p>[\/vc_column_text]<div class=\"minti_list wpb_content_element color-accent point show_separator\" style=\"\">\n<ul>\n<li><span style=\"color: #000000;\">Le Fonds de progr\u00e8s communautaire accorde des pr\u00eats \u00e0 des organismes sans but lucratif, \u00e0 des organismes de bienfaisance et \u00e0 des entreprises sociales. <\/span><\/li>\n<li><span style=\"color: #000000;\">Nous pr\u00eatons aux organismes qui s&#8217;engagent \u00e0 faire la diff\u00e9rence dans leurs communaut\u00e9s.<\/span><\/li>\n<li><span style=\"color: #000000;\">Nous fournissons un financement flexible et con\u00e7u pour r\u00e9pondre aux besoins de votre organisme.<\/span><\/li>\n<li><span style=\"color: #000000;\">Nous nous appuyons sur une importante exp\u00e9rience afin de structurer les opportunit\u00e9s de financement adapt\u00e9es aux besoins de nos emprunteurs.<\/span><\/li>\n<li><span style=\"color: #000000;\">Nous procurons \u00e0 nos emprunteurs les outils financiers n\u00e9cessaires pour renforcer leurs communaut\u00e9s.<\/span><\/li>\n<\/ul>\n<\/div>[\/vc_column][vc_column bg_color=&#8221;#1cbac8&#8243; bg_image=&#8221;16329&#8243; column_padding=&#8221;padding-5&#8243; column_center=&#8221;true&#8221; text_color=&#8221;light&#8221; width=&#8221;1\/2&#8243;]<div class=\"spacer\" style=\"height: 150px;\"><\/div>[\/vc_column][\/vc_row][vc_row bg_color=&#8221;#71b170&#8243; text_align=&#8221;center&#8221; top_padding=&#8221;70&#8243; bottom_padding=&#8221;20&#8243; bg_position=&#8221;center top&#8221;][vc_column bg_color=&#8221;#71b170&#8243;]<div class=\"headline font-inherit fontsize-l fontweight-inherit lh-19 align-center transform-inherit \" style=\"margin: 0 0 60px 0; color: #ffffff;\">Nous pr\u00eatons \u00e0 des organismes impactant sans but lucratif, \u00e0 des organismes de bienfaisance et \u00e0 des entreprises sociales partout au Canada.<\/p>\n<p>Nous travaillons avec des organismes dans un large \u00e9ventail de secteurs, notamment le logement, les arts, les \u00e9nergies renouvelables, l&#8217;alimentation et les espaces communautaires.<\/div>[\/vc_column][\/vc_row][vc_row top_padding=&#8221;120&#8243; bottom_padding=&#8221;120&#8243; bg_position=&#8221;center center&#8221;][vc_column width=&#8221;1\/1&#8243;]<div class=\"headline font-inherit fontsize-l fontweight-300 lh-16 align-center transform-inherit \" style=\"margin: 0 0 16px 0; color: #444444;\">&#8220;Malgr\u00e9 tous les efforts d\u00e9ploy\u00e9s par SOLIDES aupr\u00e8s de nombreuses institutions et de nombreux fonds sur 20 ans, seuls FPC et notre principale institution financi\u00e8re, la Caisse d\u2019\u00e9conomie solidaire, pouvaient offrir le financement n\u00e9cessaire \u00e0 l\u2019achat des deux b\u00e2timents et transformer les projets en succ\u00e8s.&#8221;<\/div><div class=\"spacer\" style=\"height: 20px;\"><\/div><div class=\"headline font-special fontsize-s fontweight-700 lh-inherit align-center transform-uppercase \" style=\"margin: 0; color: #71b170;\">FRAN\u00c7OIS GIGU\u00c8RE, DIRECTEUR G\u00c9N\u00c9RAL, SOLIDES<\/div>[\/vc_column][\/vc_row][vc_row bg_color=&#8221;#f9f9f9&#8243; top_padding=&#8221;120&#8243; bottom_padding=&#8221;120&#8243; bg_position=&#8221;center center&#8221;][vc_column bg_color=&#8221;#f9f9f9&#8243; width=&#8221;1\/1&#8243;]<div class=\"headline font-inherit fontsize-l fontweight-300 lh-16 align-center transform-inherit \" style=\"margin: 0 0 16px 0; color: #444444;\">&#8220;Nous savions que notre mod\u00e8le d&#8217;affaires fonctionnait. Mais sans l&#8217;aide de FPC \u00e0 un stade critique du processus, nous aurions eu du mal \u00e0 fournir les services que nous avions pr\u00e9vu de procurer aux organismes sans but lucratif et aux membres de la communaut\u00e9 progressiste qui se sont joints \u00e0 nous depuis.&#8221;<\/div><div class=\"spacer\" style=\"height: 20px;\"><\/div><div class=\"headline font-special fontsize-s fontweight-700 lh-inherit align-center transform-uppercase \" style=\"margin: 0; color: #71b170;\">JOHN URQUHARD, ANCIEN DIRECTEUR EX\u00c9CUTIF, 25ONE COMMUNITY<\/div>[\/vc_column][\/vc_row][vc_row top_padding=&#8221;120&#8243; bottom_padding=&#8221;120&#8243; bg_position=&#8221;center center&#8221;][vc_column width=&#8221;1\/1&#8243;]<div class=\"headline font-inherit fontsize-l fontweight-300 lh-16 align-center transform-inherit \" style=\"margin: 0 0 16px 0; color: #444444;\">&#8220;Notre exp\u00e9rience avec le Fonds de progr\u00e8s communautaire a \u00e9t\u00e9 tout simplement incroyable. Les banques traditionnelles h\u00e9sitent \u00e0 accorder des pr\u00eats \u00e0 des organismes sans but lucratif, mais le Fonds de progr\u00e8s communautaire a compris l&#8217;importance de fournir de l&#8217;aide \u00e0 des organismes comme The Theatre Centre et ils se sont retrouss\u00e9 les manches.&#8221;<\/div><div class=\"spacer\" style=\"height: 20px;\"><\/div><div class=\"headline font-special fontsize-s fontweight-700 lh-inherit align-center transform-uppercase \" style=\"margin: 0; color: #71b170;\">FRANCO BONI, DIRECTEUR ARTISTIQUE, THE THEATRE CENTRE<\/div>[\/vc_column][\/vc_row][vc_row type=&#8221;full_width_section&#8221; bg_position=&#8221;left top&#8221;][vc_column width=&#8221;1\/1&#8243;]<div class=\"callout clearfix\" style=\"background-color:#71b170; color:#ffffff;\">\n\t\t<div class=\"callout-text\">Contactez-nous pour en savoir plus<\/div>\n\t\t\t<div class=\"callout-button\"><a class=\"button medium color-7\" href=\"https:\/\/communityforwardfund.ca\/fr\/contact\" target=\"_self\">CONTACT<\/a><\/div>\n\t\t<\/div>[\/vc_column][\/vc_row]<\/p>\n<\/div>","protected":false},"excerpt":{"rendered":"<p>[vc_row bg_image=&#8221;16444&#8243; top_padding=&#8221;150&#8243; bottom_padding=&#8221;150&#8243; bg_position=&#8221;center center&#8221;][vc_column width=&#8221;1\/1&#8243;][\/vc_column][\/vc_row][vc_row bg_color=&#8221;#71b170&#8243; top_padding=&#8221;60&#8243; bottom_padding=&#8221;50&#8243;][vc_column width=&#8221;1\/1&#8243;][\/vc_column][\/vc_row][vc_row type=&#8221;full_width_section&#8221; bg_position=&#8221;left top&#8221;][vc_column column_padding=&#8221;padding-5&#8243; text_color=&#8221;custom&#8221; custom_text_color=&#8221;#1cbac8&#8243; width=&#8221;1\/2&#8243;][vc_column_text] \u00c0 PROPOS [\/vc_column_text][\/vc_column][vc_column bg_color=&#8221;#1cbac8&#8243; bg_image=&#8221;16329&#8243; column_padding=&#8221;padding-5&#8243; column_center=&#8221;true&#8221; text_color=&#8221;light&#8221; width=&#8221;1\/2&#8243;][\/vc_column][\/vc_row][vc_row bg_color=&#8221;#71b170&#8243; text_align=&#8221;center&#8221; top_padding=&#8221;70&#8243; bottom_padding=&#8221;20&#8243; bg_position=&#8221;center top&#8221;][vc_column bg_color=&#8221;#71b170&#8243;][\/vc_column][\/vc_row][vc_row top_padding=&#8221;120&#8243; bottom_padding=&#8221;120&#8243; bg_position=&#8221;center center&#8221;][vc_column width=&#8221;1\/1&#8243;][\/vc_column][\/vc_row][vc_row bg_color=&#8221;#f9f9f9&#8243; top_padding=&#8221;120&#8243; bottom_padding=&#8221;120&#8243; bg_position=&#8221;center center&#8221;][vc_column bg_color=&#8221;#f9f9f9&#8243; width=&#8221;1\/1&#8243;][\/vc_column][\/vc_row][vc_row top_padding=&#8221;120&#8243; bottom_padding=&#8221;120&#8243; bg_position=&#8221;center center&#8221;][vc_column width=&#8221;1\/1&#8243;][\/vc_column][\/vc_row][vc_row type=&#8221;full_width_section&#8221; bg_position=&#8221;left top&#8221;][vc_column width=&#8221;1\/1&#8243;][\/vc_column][\/vc_row]<\/p>\n","protected":false},"author":3,"featured_media":0,"parent":0,"menu_order":0,"comment_status":"open","ping_status":"open","template":"","meta":{"_monsterinsights_skip_tracking":false,"_monsterinsights_sitenote_active":false,"_monsterinsights_sitenote_note":"","_monsterinsights_sitenote_category":0,"footnotes":""},"class_list":["post-16512","page","type-page","status-publish","hentry"],"_links":{"self":[{"href":"https:\/\/communityforwardfund.ca\/fr\/wp-json\/wp\/v2\/pages\/16512","targetHints":{"allow":["GET"]}}],"collection":[{"href":"https:\/\/communityforwardfund.ca\/fr\/wp-json\/wp\/v2\/pages"}],"about":[{"href":"https:\/\/communityforwardfund.ca\/fr\/wp-json\/wp\/v2\/types\/page"}],"author":[{"embeddable":true,"href":"https:\/\/communityforwardfund.ca\/fr\/wp-json\/wp\/v2\/users\/3"}],"replies":[{"embeddable":true,"href":"https:\/\/communityforwardfund.ca\/fr\/wp-json\/wp\/v2\/comments?post=16512"}],"version-history":[{"count":5,"href":"https:\/\/communityforwardfund.ca\/fr\/wp-json\/wp\/v2\/pages\/16512\/revisions"}],"predecessor-version":[{"id":16813,"href":"https:\/\/communityforwardfund.ca\/fr\/wp-json\/wp\/v2\/pages\/16512\/revisions\/16813"}],"wp:attachment":[{"href":"https:\/\/communityforwardfund.ca\/fr\/wp-json\/wp\/v2\/media?parent=16512"}],"curies":[{"name":"wp","href":"https:\/\/api.w.org\/{rel}","templated":true}]}}