{"id":15532,"date":"2018-04-19T16:05:53","date_gmt":"2018-04-19T16:05:53","guid":{"rendered":"http:\/\/67.227.198.209\/~newmarket\/?page_id=15532"},"modified":"2024-02-09T01:03:55","modified_gmt":"2024-02-09T01:03:55","slug":"investir-avec-nous","status":"publish","type":"page","link":"https:\/\/communityforwardfund.ca\/fr\/investir-avec-nous\/","title":{"rendered":"Investir Avec Nous"},"content":{"rendered":"<div class=\"wpb-content-wrapper\"><p>[vc_row bg_image=&#8221;16363&#8243; top_padding=&#8221;150&#8243; bottom_padding=&#8221;150&#8243; bg_position=&#8221;center center&#8221;][vc_column width=&#8221;1\/1&#8243;]<h1 class=\"headline font-special fontsize-xxxl fontweight-300 lh-13 align-left transform-uppercase \" style=\"margin: 0 0 20px 0; color: #ffffff;\">investisseurs<\/h1>[\/vc_column][\/vc_row][vc_row text_align=&#8221;center&#8221; top_padding=&#8221;80&#8243; bottom_padding=&#8221;80&#8243;][vc_column column_center=&#8221;true&#8221; text_align=&#8221;center&#8221; width=&#8221;1\/1&#8243;]<div class=\"headline font-inherit fontsize-m fontweight-300 lh-19 align-center transform-inherit \" style=\"margin: 0 0 30px 0;\">N&#8217;h\u00e9sitez pas \u00e0 nous contacter directement si vous souhaitez en savoir plus sur nos services.<\/div><a href=\"https:\/\/communityforwardfund.ca\/fr\/contact\/\" target=\"_self\" class=\"button color-3 medium \" style=\"border-radius: 2px;\">Contact Us<\/a>[\/vc_column][\/vc_row][vc_row bg_image=&#8221;16363&#8243; top_padding=&#8221;150&#8243; bottom_padding=&#8221;150&#8243; desktop_visibility=&#8221;hide&#8221; tablet_landscape_visibility=&#8221;hide&#8221; tablet_portrait_visibility=&#8221;hide&#8221; mobile_landscape_visibility=&#8221;hide&#8221; mobile_portrait_visibility=&#8221;hide&#8221; bg_position=&#8221;center center&#8221;][vc_column width=&#8221;1\/1&#8243;]<h1 class=\"headline font-special fontsize-xxxl fontweight-300 lh-13 align-left transform-uppercase \" style=\"margin: 0 0 20px 0; color: #ffffff;\">Aper\u00e7u<\/h1>[\/vc_column][\/vc_row][vc_row type=&#8221;full_width_section&#8221; text_align=&#8221;center&#8221; desktop_visibility=&#8221;hide&#8221; tablet_landscape_visibility=&#8221;hide&#8221; tablet_portrait_visibility=&#8221;hide&#8221; mobile_landscape_visibility=&#8221;hide&#8221; mobile_portrait_visibility=&#8221;hide&#8221; bg_position=&#8221;left top&#8221;][vc_column bg_color=&#8221;#222222&#8243; column_padding=&#8221;padding-5&#8243; text_color=&#8221;custom&#8221; custom_text_color=&#8221;#1cbac8&#8243; width=&#8221;1\/1&#8243;][vc_column_text]<span style=\"color: #ffffff;\">Le Fonds de progr\u00e8s communautaire est un organisme de pr\u00eats destin\u00e9 \u00e0 soutenir les organismes sans but lucratif et les organismes de bienfaisance canadiens. Le FPC est con\u00e7u pour combler une lacune dans l&#8217;acc\u00e8s du secteur caritatif aux pr\u00eats patients, au fonds de roulement et aux pr\u00eats-relais. Le Fonds a \u00e9tabli de solides ant\u00e9c\u00e9dents en mati\u00e8re d&#8217;attribution et de remboursement de pr\u00eats qui lui permettent d&#8217;\u00e9tablir des objectifs raisonnables quant \u00e0 son taux de rendement net pour les investisseurs. Investir dans le Fonds de progr\u00e8s communautaire cr\u00e9e un avantage durable pour les communaut\u00e9s canadiennes et offre un rendement financier.<\/span>[\/vc_column_text][\/vc_column][\/vc_row][vc_row bg_color=&#8221;#efefef&#8221; top_padding=&#8221;80&#8243; bottom_padding=&#8221;60&#8243; desktop_visibility=&#8221;hide&#8221; tablet_landscape_visibility=&#8221;hide&#8221; tablet_portrait_visibility=&#8221;hide&#8221; mobile_landscape_visibility=&#8221;hide&#8221; mobile_portrait_visibility=&#8221;hide&#8221; bg_position=&#8221;center top&#8221;][vc_column width=&#8221;1\/1&#8243;]<div class=\"imagebox wpb_content_element style-2\"><div class=\"imagebox-img\"><a href='https:\/\/box2276.temp.domains\/~commuoh3\/fr\/fonds-de-progres-communautaire\/'><img decoding=\"async\" src=\"https:\/\/communityforwardfund.ca\/fr\/wp-content\/uploads\/2019\/11\/S1A0176-1.jpg\" alt=\"\" \/><\/a><\/div>\n<h3><strong>Fonds de Progr\u00e8s Communautaire<\/strong><\/h3>\n<a href=\"https:\/\/communityforwardfund.ca\/fr\/fonds-de-progres-communautaire\/\" target=\"_self\" class=\"button color-3 small \" style=\"border-radius: 2px;\"><span lang=\"FR\">En Savoir Plus<\/span><\/a><\/div>[\/vc_column][\/vc_row][vc_row text_align=&#8221;center&#8221; top_padding=&#8221;80&#8243; bottom_padding=&#8221;80&#8243; desktop_visibility=&#8221;hide&#8221; tablet_landscape_visibility=&#8221;hide&#8221; tablet_portrait_visibility=&#8221;hide&#8221; mobile_landscape_visibility=&#8221;hide&#8221; mobile_portrait_visibility=&#8221;hide&#8221;][vc_column column_center=&#8221;true&#8221; width=&#8221;1\/1&#8243;]<div class=\"headline font-inherit fontsize-m fontweight-300 lh-19 align-center transform-inherit \" style=\"margin: 0 0 60px 0;\">En collaboration avec nos affili\u00e9s, nous offrons des possibilit\u00e9s d&#8217;investissement dans les pr\u00eats communautaires et les logements abordables.<\/div>[\/vc_column][\/vc_row][vc_row bg_color=&#8221;#efefef&#8221; top_padding=&#8221;60&#8243; bottom_padding=&#8221;60&#8243; bg_position=&#8221;center top&#8221;][vc_column width=&#8221;1\/3&#8243;]<div class=\"imagebox wpb_content_element style-2\"><div class=\"imagebox-img\"><a href='http:\/\/ccif.coop\/fr\/investir-avec-nous\/'><img decoding=\"async\" src=\"https:\/\/communityforwardfund.ca\/fr\/wp-content\/uploads\/2019\/11\/S1A0335.jpg\" alt=\"\" \/><\/a><\/div>\n<h3><strong>Fonds Canadien D\u2019investissement Coop\u00e9ratif <\/strong><\/h3>\n<a href=\"http:\/\/ccif.coop\/fr\/investir-avec-nous\/\" target=\"_blank\" class=\"button color-3 small \" style=\"border-radius: 2px;\"><span lang=\"FR\">En Savoir Plus<\/span><\/a><\/div>[\/vc_column][vc_column width=&#8221;1\/3&#8243;]<div class=\"imagebox wpb_content_element style-2\"><div class=\"imagebox-img\"><a href='http:\/\/newcommons.ca\/new-commons-development-fund\/'><img decoding=\"async\" src=\"https:\/\/communityforwardfund.ca\/fr\/wp-content\/uploads\/2019\/11\/S1A0369.jpg\" alt=\"\" \/><\/a><\/div>\n<h3><strong>New Commons Development Fund <\/strong><\/h3>\n<a href=\"http:\/\/newcommons.ca\/new-commons-development-fund\/\" target=\"_blank\" class=\"button color-3 small \" style=\"border-radius: 2px;\"><span lang=\"FR\">En Savoir Plus<\/span><\/a><\/div>[\/vc_column][vc_column width=&#8221;1\/3&#8243;]<div class=\"imagebox wpb_content_element style-2\"><div class=\"imagebox-img\"><a href='http:\/\/newmarketfunds.ca\/nmf-affordable-rental-housing-fund\/'><img decoding=\"async\" src=\"https:\/\/communityforwardfund.ca\/fr\/wp-content\/uploads\/2019\/11\/S1A0400.jpg\" alt=\"\" \/><\/a><\/div>\n<h3><strong>Fonds De Logement Locatif Abordable De New Market Funds <\/strong><\/h3>\n<a href=\"http:\/\/newmarketfunds.ca\/nmf-affordable-rental-housing-fund\/\" target=\"_blank\" class=\"button color-3 small \" style=\"border-radius: 2px;\"><span lang=\"FR\">En Savoir Plus<\/span><\/a><\/div>[\/vc_column][\/vc_row][vc_row type=&#8221;full_width_section&#8221; bg_position=&#8221;left top&#8221;][vc_column width=&#8221;1\/1&#8243;]<div class=\"callout clearfix\" style=\"background-color:#71b170; color:#ffffff;\">\n\t\t<div class=\"callout-text\">Contactez-nous pour en savoir plus<\/div>\n\t\t\t<div class=\"callout-button\"><a class=\"button medium color-7\" href=\"https:\/\/communityforwardfund.ca\/fr\/contact\" target=\"_self\">CONTACT<\/a><\/div>\n\t\t<\/div>[\/vc_column][\/vc_row]<\/p>\n<\/div>","protected":false},"excerpt":{"rendered":"<p>[vc_row bg_image=&#8221;16363&#8243; top_padding=&#8221;150&#8243; bottom_padding=&#8221;150&#8243; bg_position=&#8221;center center&#8221;][vc_column width=&#8221;1\/1&#8243;][\/vc_column][\/vc_row][vc_row text_align=&#8221;center&#8221; top_padding=&#8221;80&#8243; bottom_padding=&#8221;80&#8243;][vc_column column_center=&#8221;true&#8221; text_align=&#8221;center&#8221; width=&#8221;1\/1&#8243;][\/vc_column][\/vc_row][vc_row bg_image=&#8221;16363&#8243; top_padding=&#8221;150&#8243; bottom_padding=&#8221;150&#8243; desktop_visibility=&#8221;hide&#8221; tablet_landscape_visibility=&#8221;hide&#8221; tablet_portrait_visibility=&#8221;hide&#8221; mobile_landscape_visibility=&#8221;hide&#8221; mobile_portrait_visibility=&#8221;hide&#8221; bg_position=&#8221;center center&#8221;][vc_column width=&#8221;1\/1&#8243;][\/vc_column][\/vc_row][vc_row type=&#8221;full_width_section&#8221; text_align=&#8221;center&#8221; desktop_visibility=&#8221;hide&#8221; tablet_landscape_visibility=&#8221;hide&#8221; tablet_portrait_visibility=&#8221;hide&#8221; mobile_landscape_visibility=&#8221;hide&#8221; mobile_portrait_visibility=&#8221;hide&#8221; bg_position=&#8221;left top&#8221;][vc_column bg_color=&#8221;#222222&#8243; column_padding=&#8221;padding-5&#8243; text_color=&#8221;custom&#8221; custom_text_color=&#8221;#1cbac8&#8243; width=&#8221;1\/1&#8243;][vc_column_text]Le Fonds de progr\u00e8s communautaire est un organisme de pr\u00eats destin\u00e9 \u00e0 soutenir les organismes sans but lucratif et les organismes de bienfaisance canadiens. Le FPC est con\u00e7u pour combler une lacune dans l&#8217;acc\u00e8s du secteur caritatif aux pr\u00eats patients, au fonds de roulement et aux pr\u00eats-relais. Le Fonds a \u00e9tabli de solides ant\u00e9c\u00e9dents en mati\u00e8re d&#8217;attribution et de remboursement de pr\u00eats qui lui permettent d&#8217;\u00e9tablir des objectifs raisonnables quant \u00e0 son taux de rendement net pour les investisseurs. Investir dans le Fonds de progr\u00e8s communautaire cr\u00e9e un avantage durable pour les communaut\u00e9s canadiennes et offre un rendement financier.[\/vc_column_text][\/vc_column][\/vc_row][vc_row bg_color=&#8221;#efefef&#8221; top_padding=&#8221;80&#8243; bottom_padding=&#8221;60&#8243; desktop_visibility=&#8221;hide&#8221; tablet_landscape_visibility=&#8221;hide&#8221; tablet_portrait_visibility=&#8221;hide&#8221; mobile_landscape_visibility=&#8221;hide&#8221; mobile_portrait_visibility=&#8221;hide&#8221; bg_position=&#8221;center top&#8221;][vc_column width=&#8221;1\/1&#8243;][\/vc_column][\/vc_row][vc_row text_align=&#8221;center&#8221; top_padding=&#8221;80&#8243; bottom_padding=&#8221;80&#8243; desktop_visibility=&#8221;hide&#8221; tablet_landscape_visibility=&#8221;hide&#8221; tablet_portrait_visibility=&#8221;hide&#8221; mobile_landscape_visibility=&#8221;hide&#8221; mobile_portrait_visibility=&#8221;hide&#8221;][vc_column column_center=&#8221;true&#8221; width=&#8221;1\/1&#8243;][\/vc_column][\/vc_row][vc_row bg_color=&#8221;#efefef&#8221; top_padding=&#8221;60&#8243; bottom_padding=&#8221;60&#8243; bg_position=&#8221;center top&#8221;][vc_column width=&#8221;1\/3&#8243;][\/vc_column][vc_column width=&#8221;1\/3&#8243;][\/vc_column][vc_column width=&#8221;1\/3&#8243;][\/vc_column][\/vc_row][vc_row type=&#8221;full_width_section&#8221; bg_position=&#8221;left top&#8221;][vc_column width=&#8221;1\/1&#8243;][\/vc_column][\/vc_row]<\/p>\n","protected":false},"author":1,"featured_media":0,"parent":0,"menu_order":0,"comment_status":"open","ping_status":"open","template":"","meta":{"_monsterinsights_skip_tracking":false,"_monsterinsights_sitenote_active":false,"_monsterinsights_sitenote_note":"","_monsterinsights_sitenote_category":0,"footnotes":""},"class_list":["post-15532","page","type-page","status-publish","hentry"],"_links":{"self":[{"href":"https:\/\/communityforwardfund.ca\/fr\/wp-json\/wp\/v2\/pages\/15532","targetHints":{"allow":["GET"]}}],"collection":[{"href":"https:\/\/communityforwardfund.ca\/fr\/wp-json\/wp\/v2\/pages"}],"about":[{"href":"https:\/\/communityforwardfund.ca\/fr\/wp-json\/wp\/v2\/types\/page"}],"author":[{"embeddable":true,"href":"https:\/\/communityforwardfund.ca\/fr\/wp-json\/wp\/v2\/users\/1"}],"replies":[{"embeddable":true,"href":"https:\/\/communityforwardfund.ca\/fr\/wp-json\/wp\/v2\/comments?post=15532"}],"version-history":[{"count":51,"href":"https:\/\/communityforwardfund.ca\/fr\/wp-json\/wp\/v2\/pages\/15532\/revisions"}],"predecessor-version":[{"id":16941,"href":"https:\/\/communityforwardfund.ca\/fr\/wp-json\/wp\/v2\/pages\/15532\/revisions\/16941"}],"wp:attachment":[{"href":"https:\/\/communityforwardfund.ca\/fr\/wp-json\/wp\/v2\/media?parent=15532"}],"curies":[{"name":"wp","href":"https:\/\/api.w.org\/{rel}","templated":true}]}}