{"id":15418,"date":"2018-04-18T19:52:57","date_gmt":"2018-04-18T19:52:57","guid":{"rendered":"http:\/\/67.227.198.209\/~newmarket\/?page_id=15418"},"modified":"2024-02-08T21:51:21","modified_gmt":"2024-02-08T21:51:21","slug":"ressources","status":"publish","type":"page","link":"https:\/\/communityforwardfund.ca\/fr\/ressources\/","title":{"rendered":"Ressources"},"content":{"rendered":"<div class=\"wpb-content-wrapper\"><p>[vc_row bg_image=&#8221;16367&#8243; top_padding=&#8221;150&#8243; bg_position=&#8221;center center&#8221;][vc_column width=&#8221;1\/1&#8243;]<h1 class=\"headline font-special fontsize-xxxl fontweight-300 lh-13 align-left transform-uppercase \" style=\"margin: 0 0 20px 0; color: #ffffff;\">Ressources<\/h1><div class=\"spacer\" style=\"height: 150px;\"><\/div>[\/vc_column][\/vc_row][vc_row bg_color=&#8221;#ffffff&#8221; text_color=&#8221;light&#8221; top_padding=&#8221;40&#8243; bg_position=&#8221;center top&#8221;][vc_column width=&#8221;1\/2&#8243;]<h3 class=\"headline font-special fontsize-m fontweight-700 lh-13 align-left transform-uppercase \" style=\"margin: 0 0 20px 0; color: #2d2d2d;\">auto-\u00e9valuation<\/h3><div class=\"minti_list wpb_content_element color-accent arrow show_separator\" style=\"\"><span style=\"color: #333333;\">Prenez cette <a style=\"color: #333333;\" href=\"https:\/\/forms.gle\/oBV5NJYgkmMTEfst5\" target=\"_blank\" rel=\"noopener\"><strong>auto-\u00e9valuation de 2 minutes<\/strong><\/a> pour d\u00e9terminer si vous devez demander un financement aupr\u00e8s de nous.<\/span><\/div><h3 class=\"headline font-special fontsize-m fontweight-700 lh-13 align-left transform-uppercase \" style=\"margin: 0 0 20px 0; color: #2d2d2d;\">Les formulaires de demande<\/h3><div class=\"minti_list wpb_content_element color-accent arrow show_separator\" style=\"\">\n<ul>\n<li><span style=\"color: #333333;\"><a style=\"color: #333333;\" href=\"https:\/\/box2276.temp.domains\/~commuoh3\/fr\/wp-content\/uploads\/2021\/03\/CFF-Loan-Application-Form-Part-1-FR.pdf\" target=\"_blank\" rel=\"noopener\">Demande de pr\u00eat &#8211; Partie 1<\/a><\/span><\/li>\n<li><a href=\"https:\/\/box2276.temp.domains\/~commuoh3\/fr\/wp-content\/uploads\/2021\/01\/CFF-Loan-Application-Form-Part-2-FR.pdf\"><span style=\"color: #333333;\">Demande de pr\u00eat &#8211; Partie 2<\/span><\/a><\/li>\n<\/ul>\n<\/div><h3 class=\"headline font-special fontsize-m fontweight-700 lh-13 align-left transform-uppercase \" style=\"margin: 0 0 20px 0; color: #2d2d2d;\">Rapport d&#8217;impact<\/h3><div class=\"minti_list wpb_content_element color-accent arrow show_separator\" style=\"\">\n<ul>\n<li><span style=\"color: #333333;\"><a style=\"color: #333333;\" href=\"https:\/\/box2276.temp.domains\/~commuoh3\/fr\/wp-content\/uploads\/2020\/12\/CFF-Impact-Report-2019.pdf\" target=\"_blank\" rel=\"noopener\">2019<\/a><\/span><\/li>\n<li><span style=\"color: #333333;\"><a style=\"color: #333333;\" href=\"https:\/\/box2276.temp.domains\/~commuoh3\/fr\/wp-content\/uploads\/2021\/06\/CFF-Impact-Report-2020-final.pdf\" target=\"_blank\" rel=\"noopener\">2020<\/a><\/span><\/li>\n<li><a href=\"https:\/\/communityforwardfund.ca\/fr\/wp-content\/uploads\/2022\/11\/CFF-Impact-Report-2021.pdf\"><span style=\"color: #333333;\">2021<\/span><\/a><\/li>\n<li><a href=\"https:\/\/communityforwardfund.ca\/fr\/wp-content\/uploads\/2024\/01\/CFF-Impact-Report-2022.pdf\"><span style=\"color: #333333;\">2022<\/span><\/a><\/li>\n<\/ul>\n<\/div><h3 class=\"headline font-special fontsize-m fontweight-700 lh-13 align-left transform-uppercase \" style=\"margin: 0 0 20px 0; color: #2d2d2d;\">Infos et rapports<\/h3><div class=\"minti_list wpb_content_element color-accent arrow show_separator\" style=\"\">\n<ul>\n<li><span style=\"color: #333333;\"><a style=\"color: #333333;\" href=\"https:\/\/box2276.temp.domains\/~commuoh3\/fr\/wp-content\/uploads\/2018\/04\/Co-investment-fund-research-report-final-publication.pdf\" target=\"_blank\" rel=\"noopener\">\u00c9tude de faisabilit\u00e9 du Fonds de co-investissement de l&#8217;Ontario<\/a><\/span><\/li>\n<li><a href=\"https:\/\/box2276.temp.domains\/~commuoh3\/fr\/program-launch-money-mission-and-strategy\/\"><span style=\"color: #333333;\">Lancement du programme : Argent, Mission et Strat\u00e9gie<\/span><\/a><\/li>\n<li><a href=\"https:\/\/box2276.temp.domains\/~commuoh3\/fr\/community-forward-fund-among-initial-issuers-on-social-venture-connexion-svx\/\"><span style=\"color: #333333;\">Le Fonds de progr\u00e8s communautaire parmi les premiers \u00e9metteurs sur Social Venture Connexion (SVX)<\/span><\/a><\/li>\n<li><span style=\"color: #333333;\"><a style=\"color: #333333;\" href=\"https:\/\/box2276.temp.domains\/~commuoh3\/fr\/wp-content\/uploads\/2018\/04\/Resources-intros-content.docx\">Pourquoi les organismes sans but lucratif devraient se soucier de la finance sociale<\/a><\/span><\/li>\n<li><span style=\"color: #333333;\"><a style=\"color: #333333;\" href=\"https:\/\/box2276.temp.domains\/~commuoh3\/fr\/wp-content\/uploads\/2018\/05\/Scaling-Pathways_Financing-for-Scaled-Impact_0.pdf\" target=\"_blank\" rel=\"noopener\">Modes d&#8217;amplification : Financement pour un impact amplifi\u00e9<\/a><\/span><\/li>\n<\/ul>\n<\/div>[\/vc_column][vc_column width=&#8221;1\/2&#8243;]<h3 class=\"headline font-special fontsize-m fontweight-700 lh-13 align-left transform-uppercase \" style=\"margin: 0 0 20px 0; color: #dd3333;\">COVID-19 Ressources pour les organisations \u00e0 but non lucratif et caritatives<\/h3><div class=\"minti_list wpb_content_element color-accent arrow show_separator\" style=\"\">\n<ul>\n<li><span style=\"color: #333333;\"><a style=\"color: #333333;\" href=\"https:\/\/www.canada.ca\/fr\/ministere-finances\/nouvelles\/2020\/11\/mesure-de-soutien-en-cas-de-confinement-pour-les-entreprises-qui-font-face-a-dimportantes-restrictions-en-matiere-de-sante-publique.html\" target=\"_blank\" rel=\"noopener\">Subvention au loyer et soutien au verrouillage (gouvernement du Canada)<\/a><\/span><\/li>\n<li><span style=\"color: #333333;\"><a style=\"color: #333333;\" href=\"https:\/\/www.ontario.ca\/fr\/page\/entreprises-obtenez-de-laide-avec-les-couts-relatifs-la-covid-19\" target=\"_blank\" rel=\"noopener\">Remboursement des frais fixes de l&#8217;Ontario (gouvernement de l&#8217;Ontario)<\/a><\/span><\/li>\n<li><span style=\"color: #333333;\"><a style=\"color: #333333;\" href=\"https:\/\/mcconnellfoundation.ca\/fr\/fonds-dinnovation-sociale\/\">Des subventions pour pr\u00e9parer et mettre en\u00a0\u0153uvre des changements organisationnels (La Fondation McConnell)<\/a><\/span><\/li>\n<li><span style=\"color: #333333;\"><a style=\"color: #333333;\" href=\"https:\/\/scalecollaborative.ca\/surviveandthrive\/\">Programme de survie et d&#8217;\u00e9panouissement (BC\u00a0seulement; Vancity, Scale Collaborative, United Way)<\/a><\/span><\/li>\n<li><span style=\"color: #333333;\"><a style=\"color: #333333;\" href=\"https:\/\/scalecollaborative.ca\/2020\/03\/webinar-survive-and-thrive-financial-strategies-scenario-planning-for-nonprofits-and-social-enterprises\/\" target=\"_blank\" rel=\"noopener\">Webinaire du 30 mars pour les organisations \u00e0 but non lucratif et les entrepreises sociales (\u00c9chelle de collaboration)<\/a><\/span><\/li>\n<li><span style=\"color: #333333;\"><a style=\"color: #333333;\" href=\"https:\/\/www.imaginecanada.ca\/en\/covid19\" target=\"_blank\" rel=\"noopener\">Ressources pour les organisations \u00e0 but nonlucratif (Imagine Canada)<\/a><\/span><\/li>\n<li><span style=\"color: #333333;\"><a style=\"color: #333333;\" href=\"https:\/\/nff.org\/covid-19-tools-and-resources-nonprofits\" target=\"_blank\" rel=\"noopener\">Ressources pour les organisations \u00e0 but nonlucratif (Nonprofit Finance Fund &#8211; Bas\u00e9 aux \u00c9tats-Unis)<\/a><\/span><\/li>\n<li><span style=\"color: #333333;\"><a style=\"color: #333333;\" href=\"https:\/\/www.canada.ca\/en\/services\/business\/maintaingrowimprovebusiness\/resources-for-canadian-businesses.html\" target=\"_blank\" rel=\"noopener\">Ressources pour les entreprises (Gouvernement du Canada)<\/a><\/span><\/li>\n<li><a href=\"https:\/\/learn.marsdd.com\/topic\/covid-19-collection\/\" target=\"_blank\" rel=\"noopener\"><span style=\"color: #333333;\">Ressources pour les entreprises en phase de d\u00e9marrage (MaRS)<\/span><\/a><\/li>\n<li><a href=\"https:\/\/learn.marsdd.com\/article\/managing-cash-flow-during-covid-19-useful-resources-list\/\" target=\"_blank\" rel=\"noopener\"><span style=\"color: #333333;\">Gestion des flux de tr\u00e9sorerie pendant COVID-19 (MaRS)<\/span><\/a><\/li>\n<li><a href=\"https:\/\/www.bdc.ca\/en\/pages\/special-support.aspx?special-initiative=covid19&amp;_ga=2.31706302.1063636309.1584477205-116716285.1584477204\" target=\"_blank\" rel=\"noopener\"><span style=\"color: #333333;\">Soutien aux entrepreneurs (BDC)<\/span><\/a><\/li>\n<li><span style=\"color: #333333;\"><a style=\"color: #333333;\" href=\"https:\/\/www.facebook.com\/business\/boost\/grants\" target=\"_blank\" rel=\"noopener\">Subventions aux petites entreprises sur Facebook<\/a><\/span><\/li>\n<li><span style=\"color: #333333;\"><a style=\"color: #333333;\" href=\"https:\/\/news.ontario.ca\/opo\/fr\/2020\/03\/lontario-protege-les-plus-vulnerables-face-a-la-crise-de-la-covid-19.html\" target=\"_blank\" rel=\"noopener\">Ressources pour les organismes de services sociaux de l&#8217;Ontario<\/a><\/span><\/li>\n<li><span style=\"color: #333333;\"><a style=\"color: #333333;\" href=\"https:\/\/onpha.on.ca\/covid19\" target=\"_blank\" rel=\"noopener\">Ressources pour les organisations de logement \u00e0 but non lucratif (ONPHA);<\/a>\u00a0<a style=\"color: #333333;\" href=\"https:\/\/zoom.us\/rec\/share\/9dB2LJOg7DtORLPX70rHa4t5BprAT6a81iQWrKAFzEk5Vczc3w03u6TtsPKUBUh4\" target=\"_blank\" rel=\"noopener\">webinaire enregistr\u00e9<\/a><\/span><\/li>\n<li><a href=\"https:\/\/www.canada.ca\/fr\/services\/prestations\/fond-soutien-commuautaire-urgence.html\" target=\"_blank\" rel=\"noopener\"><span style=\"color: #333333;\">Ressources pour les organismes sans but lucratif et les organismes de bienfaisance qui travaillent avec les populations vuln\u00e9rables (Gouvernement du Canada)<\/span><\/a><\/li>\n<\/ul>\n<\/div>[\/vc_column][\/vc_row][vc_row type=&#8221;full_width_section&#8221; bg_position=&#8221;left top&#8221;][vc_column width=&#8221;1\/1&#8243;]<div class=\"callout clearfix\" style=\"background-color:#71b170; color:#ffffff;\">\n\t\t<div class=\"callout-text\">Contactez-nous pour en savoir plus<\/div>\n\t\t\t<div class=\"callout-button\"><a class=\"button medium color-7\" href=\"https:\/\/communityforwardfund.ca\/fr\/contact\/\" target=\"_self\">CONTACT<\/a><\/div>\n\t\t<\/div>[\/vc_column][\/vc_row]<\/p>\n<\/div>","protected":false},"excerpt":{"rendered":"<p>[vc_row bg_image=&#8221;16367&#8243; top_padding=&#8221;150&#8243; bg_position=&#8221;center center&#8221;][vc_column width=&#8221;1\/1&#8243;][\/vc_column][\/vc_row][vc_row bg_color=&#8221;#ffffff&#8221; text_color=&#8221;light&#8221; top_padding=&#8221;40&#8243; bg_position=&#8221;center top&#8221;][vc_column width=&#8221;1\/2&#8243;][\/vc_column][vc_column width=&#8221;1\/2&#8243;][\/vc_column][\/vc_row][vc_row type=&#8221;full_width_section&#8221; bg_position=&#8221;left top&#8221;][vc_column width=&#8221;1\/1&#8243;][\/vc_column][\/vc_row]<\/p>\n","protected":false},"author":1,"featured_media":0,"parent":0,"menu_order":0,"comment_status":"open","ping_status":"closed","template":"","meta":{"_monsterinsights_skip_tracking":false,"_monsterinsights_sitenote_active":false,"_monsterinsights_sitenote_note":"","_monsterinsights_sitenote_category":0,"footnotes":""},"class_list":["post-15418","page","type-page","status-publish","hentry"],"_links":{"self":[{"href":"https:\/\/communityforwardfund.ca\/fr\/wp-json\/wp\/v2\/pages\/15418","targetHints":{"allow":["GET"]}}],"collection":[{"href":"https:\/\/communityforwardfund.ca\/fr\/wp-json\/wp\/v2\/pages"}],"about":[{"href":"https:\/\/communityforwardfund.ca\/fr\/wp-json\/wp\/v2\/types\/page"}],"author":[{"embeddable":true,"href":"https:\/\/communityforwardfund.ca\/fr\/wp-json\/wp\/v2\/users\/1"}],"replies":[{"embeddable":true,"href":"https:\/\/communityforwardfund.ca\/fr\/wp-json\/wp\/v2\/comments?post=15418"}],"version-history":[{"count":72,"href":"https:\/\/communityforwardfund.ca\/fr\/wp-json\/wp\/v2\/pages\/15418\/revisions"}],"predecessor-version":[{"id":16829,"href":"https:\/\/communityforwardfund.ca\/fr\/wp-json\/wp\/v2\/pages\/15418\/revisions\/16829"}],"wp:attachment":[{"href":"https:\/\/communityforwardfund.ca\/fr\/wp-json\/wp\/v2\/media?parent=15418"}],"curies":[{"name":"wp","href":"https:\/\/api.w.org\/{rel}","templated":true}]}}