{"id":15385,"date":"2018-04-18T18:52:12","date_gmt":"2018-04-18T18:52:12","guid":{"rendered":"http:\/\/67.227.198.209\/~newmarket\/?page_id=15385"},"modified":"2024-04-04T17:51:46","modified_gmt":"2024-04-04T17:51:46","slug":"affilies-et-fonds-geres","status":"publish","type":"page","link":"https:\/\/communityforwardfund.ca\/fr\/affilies-et-fonds-geres\/","title":{"rendered":"Affili\u00e9s Et Fonds G\u00e9r\u00e9s"},"content":{"rendered":"<div class=\"wpb-content-wrapper\"><p>[vc_row bg_image=&#8221;16345&#8243; top_padding=&#8221;150&#8243; bottom_padding=&#8221;150&#8243; bg_position=&#8221;center center&#8221;][vc_column width=&#8221;1\/1&#8243;]<h1 class=\"headline font-special fontsize-xxxl fontweight-300 lh-13 align-left transform-uppercase \" style=\"margin: 0 0 20px 0; color: #ffffff;\">Affili\u00e9s et<br \/>\nfonds g\u00e9r\u00e9s<\/h1>[\/vc_column][\/vc_row][vc_row bg_color=&#8221;#71b170&#8243; text_align=&#8221;center&#8221; top_padding=&#8221;70&#8243; bottom_padding=&#8221;20&#8243; bg_position=&#8221;center top&#8221;][vc_column bg_color=&#8221;#71b170&#8243;]<h1 class=\"headline font-inherit fontsize-xl fontweight-300 lh-19 align-center transform-inherit \" style=\"margin: 0 0 60px 0; color: #ffffff;\">Le Fonds de progr\u00e8s communautaire fait partie de la plateforme en constante croissance New Market Funds qui comporte aussi bien des logements abordables que des pratiques de pr\u00eat communautaire.<\/h1>[\/vc_column][\/vc_row][vc_row type=&#8221;full_width_section&#8221;][vc_column bg_color=&#8221;#ffffff&#8221; column_padding=&#8221;padding-8&#8243; column_center=&#8221;true&#8221; text_align=&#8221;center&#8221; width=&#8221;1\/2&#8243;][vc_column_text][\/vc_column_text]<div class=\"divider divider1\" style='margin:0 0 30 0 !important;'><\/div><div class=\"single_image wpb_content_element align-center   image_greyscale \" data-animation=\"none\" data-delay=\"0\"><a href=\"http:\/\/ccif.coop\/fr\/\" target=\"_blank\"><img loading=\"lazy\" decoding=\"async\" width=\"1200\" height=\"299\" src=\"https:\/\/communityforwardfund.ca\/fr\/wp-content\/uploads\/2018\/04\/CCIF_EF_PMS.png\" class=\"attachment-full\" alt=\"\" title=\"CCIF_EF_PMS\" srcset=\"https:\/\/communityforwardfund.ca\/fr\/wp-content\/uploads\/2018\/04\/CCIF_EF_PMS.png 1200w, https:\/\/communityforwardfund.ca\/fr\/wp-content\/uploads\/2018\/04\/CCIF_EF_PMS-300x75.png 300w, https:\/\/communityforwardfund.ca\/fr\/wp-content\/uploads\/2018\/04\/CCIF_EF_PMS-768x191.png 768w, https:\/\/communityforwardfund.ca\/fr\/wp-content\/uploads\/2018\/04\/CCIF_EF_PMS-1024x255.png 1024w, https:\/\/communityforwardfund.ca\/fr\/wp-content\/uploads\/2018\/04\/CCIF_EF_PMS-600x150.png 600w\" sizes=\"auto, (max-width: 1200px) 100vw, 1200px\" \/><\/a><\/div>[vc_column_text]<\/p>\n<h4 style=\"text-align: center;\"><span style=\"color: #808080;\">Le Fonds d&#8217;investissement coop\u00e9ratif du Canada accorde des pr\u00eats, effectue des investissements hybrides et en capitaux propres dans des entreprises coop\u00e9ratives.<\/span><\/h4>\n<p>[\/vc_column_text]<a href=\"http:\/\/ccif.coop\/fr\/\" target=\"_blank\" class=\"button color-2 small \" style=\"border-radius: 2px;\">EN SAVOIR PLUS<\/a>[\/vc_column][vc_column bg_color=&#8221;#f1f1f1&#8243; bg_image=&#8221;16347&#8243; column_padding=&#8221;padding-7&#8243; column_center=&#8221;true&#8221; width=&#8221;1\/2&#8243;]<div class=\"spacer\" style=\"height: 400px;\"><\/div>[\/vc_column][\/vc_row][vc_row type=&#8221;full_width_section&#8221; class=&#8221;desktop_row_hide&#8221;][vc_column bg_color=&#8221;#f9f9f9&#8243; column_padding=&#8221;padding-8&#8243; column_center=&#8221;true&#8221; text_align=&#8221;center&#8221; width=&#8221;1\/2&#8243;]<div class=\"single_image wpb_content_element align-left   image_greyscale \" data-animation=\"none\" data-delay=\"0\"><a href=\"http:\/\/newmarketfunds.ca\/\" target=\"_blank\"><img loading=\"lazy\" decoding=\"async\" width=\"941\" height=\"224\" src=\"https:\/\/communityforwardfund.ca\/fr\/wp-content\/uploads\/2018\/04\/nmfl.png\" class=\"attachment-full\" alt=\"\" title=\"nmfl\" srcset=\"https:\/\/communityforwardfund.ca\/fr\/wp-content\/uploads\/2018\/04\/nmfl.png 941w, https:\/\/communityforwardfund.ca\/fr\/wp-content\/uploads\/2018\/04\/nmfl-300x71.png 300w, https:\/\/communityforwardfund.ca\/fr\/wp-content\/uploads\/2018\/04\/nmfl-768x183.png 768w, https:\/\/communityforwardfund.ca\/fr\/wp-content\/uploads\/2018\/04\/nmfl-600x143.png 600w\" sizes=\"auto, (max-width: 941px) 100vw, 941px\" \/><\/a><\/div>[vc_column_text]<\/p>\n<h3 style=\"text-align: center;\">New Market Funds est un gestionnaire de fonds qui relie le capital des investisseurs aux besoins de la communaut\u00e9.<\/h3>\n<p>[\/vc_column_text]<a href=\"http:\/\/newmarketfunds.ca\/\" target=\"_blank\" class=\"button color-2 small \" style=\"border-radius: 2px;\">EN SAVOIR PLUS<\/a>[\/vc_column][vc_column bg_color=&#8221;#f1f1f1&#8243; bg_image=&#8221;16348&#8243; column_padding=&#8221;padding-5&#8243; column_center=&#8221;true&#8221; width=&#8221;1\/2&#8243;]<div class=\"spacer\" style=\"height: 400px;\"><\/div>[\/vc_column][\/vc_row][vc_row type=&#8221;full_width_section&#8221; class=&#8221;mobile_row_hide&#8221;][vc_column bg_color=&#8221;#f1f1f1&#8243; bg_image=&#8221;16348&#8243; column_padding=&#8221;padding-5&#8243; column_center=&#8221;true&#8221; width=&#8221;1\/2&#8243;]<div class=\"spacer\" style=\"height: 400px;\"><\/div>[\/vc_column][vc_column bg_color=&#8221;#f9f9f9&#8243; column_padding=&#8221;padding-8&#8243; column_center=&#8221;true&#8221; text_align=&#8221;center&#8221; width=&#8221;1\/2&#8243;]<div class=\"single_image wpb_content_element align-left   image_greyscale \" data-animation=\"none\" data-delay=\"0\"><a href=\"http:\/\/newmarketfunds.ca\/\" target=\"_blank\"><img loading=\"lazy\" decoding=\"async\" width=\"941\" height=\"224\" src=\"https:\/\/communityforwardfund.ca\/fr\/wp-content\/uploads\/2018\/04\/nmfl.png\" class=\"attachment-full\" alt=\"\" title=\"nmfl\" srcset=\"https:\/\/communityforwardfund.ca\/fr\/wp-content\/uploads\/2018\/04\/nmfl.png 941w, https:\/\/communityforwardfund.ca\/fr\/wp-content\/uploads\/2018\/04\/nmfl-300x71.png 300w, https:\/\/communityforwardfund.ca\/fr\/wp-content\/uploads\/2018\/04\/nmfl-768x183.png 768w, https:\/\/communityforwardfund.ca\/fr\/wp-content\/uploads\/2018\/04\/nmfl-600x143.png 600w\" sizes=\"auto, (max-width: 941px) 100vw, 941px\" \/><\/a><\/div>[vc_column_text]<\/p>\n<h3 style=\"text-align: center;\">New Market Funds est un gestionnaire de fonds qui relie le capital des investisseurs aux besoins de la communaut\u00e9.<\/h3>\n<p>[\/vc_column_text]<a href=\"http:\/\/newmarketfunds.ca\/\" target=\"_blank\" class=\"button color-2 small \" style=\"border-radius: 2px;\">EN SAVOIR PLUS<\/a>[\/vc_column][\/vc_row][vc_row type=&#8221;full_width_section&#8221;][vc_column bg_color=&#8221;#f9f9f9&#8243; column_padding=&#8221;padding-5&#8243; column_center=&#8221;true&#8221; text_align=&#8221;center&#8221; width=&#8221;1\/2&#8243;]<div class=\"single_image wpb_content_element align-left   image_greyscale \" data-animation=\"none\" data-delay=\"0\"><a href=\"http:\/\/newcommons.ca\/\" target=\"_blank\"><img loading=\"lazy\" decoding=\"async\" width=\"1200\" height=\"224\" src=\"https:\/\/communityforwardfund.ca\/fr\/wp-content\/uploads\/2018\/04\/newdev.png\" class=\"attachment-full\" alt=\"\" title=\"newdev\" srcset=\"https:\/\/communityforwardfund.ca\/fr\/wp-content\/uploads\/2018\/04\/newdev.png 1200w, https:\/\/communityforwardfund.ca\/fr\/wp-content\/uploads\/2018\/04\/newdev-300x56.png 300w, https:\/\/communityforwardfund.ca\/fr\/wp-content\/uploads\/2018\/04\/newdev-768x143.png 768w, https:\/\/communityforwardfund.ca\/fr\/wp-content\/uploads\/2018\/04\/newdev-1024x191.png 1024w, https:\/\/communityforwardfund.ca\/fr\/wp-content\/uploads\/2018\/04\/newdev-600x112.png 600w\" sizes=\"auto, (max-width: 1200px) 100vw, 1200px\" \/><\/a><\/div>[vc_column_text]<\/p>\n<h3 style=\"text-align: center;\">New Commons Development est une soci\u00e9t\u00e9 de d\u00e9veloppement immobilier \u00e0 but non lucratif qui aide les partenaires communautaires \u00e0 r\u00e9aliser leurs projets.<\/h3>\n<p>[\/vc_column_text]<a href=\"http:\/\/newcommons.ca\/\" target=\"_blank\" class=\"button color-2 small \" style=\"border-radius: 2px;\">EN SAVOIR PLUS<\/a>[\/vc_column][vc_column bg_color=&#8221;#f1f1f1&#8243; bg_image=&#8221;16416&#8243; column_padding=&#8221;padding-5&#8243; column_center=&#8221;true&#8221; width=&#8221;1\/2&#8243;]<div class=\"spacer\" style=\"height: 400px;\"><\/div>[\/vc_column][\/vc_row][vc_row type=&#8221;full_width_section&#8221; bg_position=&#8221;left top&#8221;][vc_column width=&#8221;1\/1&#8243;]<div class=\"callout clearfix\" style=\"background-color:#71b170; color:#ffffff;\">\n\t\t<div class=\"callout-text\">Contactez-nous pour en savoir plus<\/div>\n\t\t\t<div class=\"callout-button\"><a class=\"button medium color-7\" href=\"https:\/\/communityforwardfund.ca\/fr\/contact\/\" target=\"_self\">CONTACT<\/a><\/div>\n\t\t<\/div>[\/vc_column][\/vc_row]<\/p>\n<\/div>","protected":false},"excerpt":{"rendered":"<p>[vc_row bg_image=&#8221;16345&#8243; top_padding=&#8221;150&#8243; bottom_padding=&#8221;150&#8243; bg_position=&#8221;center center&#8221;][vc_column width=&#8221;1\/1&#8243;][\/vc_column][\/vc_row][vc_row bg_color=&#8221;#71b170&#8243; text_align=&#8221;center&#8221; top_padding=&#8221;70&#8243; bottom_padding=&#8221;20&#8243; bg_position=&#8221;center top&#8221;][vc_column bg_color=&#8221;#71b170&#8243;][\/vc_column][\/vc_row][vc_row type=&#8221;full_width_section&#8221;][vc_column bg_color=&#8221;#ffffff&#8221; column_padding=&#8221;padding-8&#8243; column_center=&#8221;true&#8221; text_align=&#8221;center&#8221; width=&#8221;1\/2&#8243;][vc_column_text][\/vc_column_text][vc_column_text] Le Fonds d&#8217;investissement coop\u00e9ratif du Canada accorde des pr\u00eats, effectue des investissements hybrides et en capitaux propres dans des entreprises coop\u00e9ratives. [\/vc_column_text][\/vc_column][vc_column bg_color=&#8221;#f1f1f1&#8243; bg_image=&#8221;16347&#8243; column_padding=&#8221;padding-7&#8243; column_center=&#8221;true&#8221; width=&#8221;1\/2&#8243;][\/vc_column][\/vc_row][vc_row type=&#8221;full_width_section&#8221; class=&#8221;desktop_row_hide&#8221;][vc_column bg_color=&#8221;#f9f9f9&#8243; column_padding=&#8221;padding-8&#8243; column_center=&#8221;true&#8221; text_align=&#8221;center&#8221; width=&#8221;1\/2&#8243;][vc_column_text] New Market Funds est un gestionnaire de fonds qui relie le capital des investisseurs aux besoins de la communaut\u00e9. [\/vc_column_text][\/vc_column][vc_column bg_color=&#8221;#f1f1f1&#8243; bg_image=&#8221;16348&#8243; column_padding=&#8221;padding-5&#8243; column_center=&#8221;true&#8221; width=&#8221;1\/2&#8243;][\/vc_column][\/vc_row][vc_row type=&#8221;full_width_section&#8221; class=&#8221;mobile_row_hide&#8221;][vc_column bg_color=&#8221;#f1f1f1&#8243; bg_image=&#8221;16348&#8243; column_padding=&#8221;padding-5&#8243; column_center=&#8221;true&#8221; width=&#8221;1\/2&#8243;][\/vc_column][vc_column bg_color=&#8221;#f9f9f9&#8243; column_padding=&#8221;padding-8&#8243; column_center=&#8221;true&#8221; text_align=&#8221;center&#8221; width=&#8221;1\/2&#8243;][vc_column_text] New Market Funds est un gestionnaire de fonds qui relie le capital des investisseurs aux besoins de la communaut\u00e9. [\/vc_column_text][\/vc_column][\/vc_row][vc_row type=&#8221;full_width_section&#8221;][vc_column bg_color=&#8221;#f9f9f9&#8243; column_padding=&#8221;padding-5&#8243; column_center=&#8221;true&#8221; text_align=&#8221;center&#8221; width=&#8221;1\/2&#8243;][vc_column_text] New Commons Development est une soci\u00e9t\u00e9 de d\u00e9veloppement immobilier \u00e0 but non lucratif qui aide les partenaires communautaires \u00e0 r\u00e9aliser leurs projets. [\/vc_column_text][\/vc_column][vc_column bg_color=&#8221;#f1f1f1&#8243; bg_image=&#8221;16416&#8243; column_padding=&#8221;padding-5&#8243; column_center=&#8221;true&#8221; width=&#8221;1\/2&#8243;][\/vc_column][\/vc_row][vc_row type=&#8221;full_width_section&#8221; bg_position=&#8221;left top&#8221;][vc_column width=&#8221;1\/1&#8243;][\/vc_column][\/vc_row]<\/p>\n","protected":false},"author":1,"featured_media":0,"parent":0,"menu_order":0,"comment_status":"open","ping_status":"closed","template":"","meta":{"_monsterinsights_skip_tracking":false,"_monsterinsights_sitenote_active":false,"_monsterinsights_sitenote_note":"","_monsterinsights_sitenote_category":0,"footnotes":""},"class_list":["post-15385","page","type-page","status-publish","hentry"],"_links":{"self":[{"href":"https:\/\/communityforwardfund.ca\/fr\/wp-json\/wp\/v2\/pages\/15385","targetHints":{"allow":["GET"]}}],"collection":[{"href":"https:\/\/communityforwardfund.ca\/fr\/wp-json\/wp\/v2\/pages"}],"about":[{"href":"https:\/\/communityforwardfund.ca\/fr\/wp-json\/wp\/v2\/types\/page"}],"author":[{"embeddable":true,"href":"https:\/\/communityforwardfund.ca\/fr\/wp-json\/wp\/v2\/users\/1"}],"replies":[{"embeddable":true,"href":"https:\/\/communityforwardfund.ca\/fr\/wp-json\/wp\/v2\/comments?post=15385"}],"version-history":[{"count":58,"href":"https:\/\/communityforwardfund.ca\/fr\/wp-json\/wp\/v2\/pages\/15385\/revisions"}],"predecessor-version":[{"id":16948,"href":"https:\/\/communityforwardfund.ca\/fr\/wp-json\/wp\/v2\/pages\/15385\/revisions\/16948"}],"wp:attachment":[{"href":"https:\/\/communityforwardfund.ca\/fr\/wp-json\/wp\/v2\/media?parent=15385"}],"curies":[{"name":"wp","href":"https:\/\/api.w.org\/{rel}","templated":true}]}}