{"id":15334,"date":"2018-04-18T17:46:09","date_gmt":"2018-04-18T17:46:09","guid":{"rendered":"http:\/\/67.227.198.209\/~newmarket\/?page_id=15334"},"modified":"2023-11-21T02:00:44","modified_gmt":"2023-11-21T02:00:44","slug":"lequipe","status":"publish","type":"page","link":"https:\/\/communityforwardfund.ca\/fr\/lequipe\/","title":{"rendered":"L&#8217;\u00e9quipe"},"content":{"rendered":"<div class=\"wpb-content-wrapper\"><p>[vc_row bg_image=&#8221;16341&#8243; top_padding=&#8221;150&#8243; bottom_padding=&#8221;150&#8243; bg_position=&#8221;center center&#8221;][vc_column width=&#8221;1\/1&#8243;]<h1 class=\"headline font-special fontsize-xxxl fontweight-300 lh-13 align-left transform-uppercase \" style=\"margin: 0 0 20px 0; color: #ffffff;\">D\u00e9couvrir l&#8217;\u00e9quipe<\/h1>[\/vc_column][\/vc_row][vc_row bg_color=&#8221;#71b170&#8243; text_color=&#8221;custom&#8221; custom_text_color=&#8221;#ffffff&#8221; text_align=&#8221;center&#8221; top_padding=&#8221;70&#8243; bottom_padding=&#8221;20&#8243;][vc_column width=&#8221;1\/1&#8243;]<div class=\"headline font-inherit fontsize-l fontweight-300 lh-19 align-center transform-inherit \" style=\"margin: 0 0 60px 0; color: #ffffff;\">Notre \u00e9quipe est passionn\u00e9e \u00e0 l&#8217;id\u00e9e de pouvoir favoriser et renforcer la mission des organismes sans but lucratif, des organismes de bienfaisance et des entrepreneurs sociaux, tout en cr\u00e9ant des produits impactant pour nos investisseurs.<\/div>[\/vc_column][\/vc_row][vc_row bg_color=&#8221;#ffffff&#8221; top_padding=&#8221;80&#8243; bottom_padding=&#8221;80&#8243;][vc_column width=&#8221;1\/1&#8243;]<h1 class=\"headline font-special fontsize-l fontweight-300 lh-inherit align-center transform-inherit \" style=\"margin: 0 0 40px 0; color: #000000;\">\u00c9quipe En Charge Des Pr\u00eats<\/h1>[vc_row_inner][vc_column_inner width=&#8221;1\/3&#8243; css=&#8221;.vc_custom_1623785309521{padding-top: 40px !important;padding-right: 40px !important;padding-bottom: 40px !important;padding-left: 40px !important;background-color: #ffffff !important;}&#8221;]<div class=\"member wpb_content_element\"><div class=\"member-img\"><img decoding=\"async\" src=\"https:\/\/communityforwardfund.ca\/fr\/wp-content\/uploads\/2021\/06\/andrea.jpg\" alt=\"\" \/><\/div><h4>Andrea Mejia<\/h4><div class=\"member-role\">Gestionnaire de investissements<\/div><div class=\"member-content\"><p>Andrea est responsable de la gestion des investissements et du portefeuille pour le Community Forward Fund et le Canadian Co-operative Investment Fund. Elle a plus de dix ans d&#8217;exp\u00e9rience dans diff\u00e9rentes institutions financi\u00e8res telles que la Banque Scotia, la CIBC et EDC. Andrea a occup\u00e9 divers r\u00f4les dans la souscription, la gestion du risque de cr\u00e9dit, les contr\u00f4les internes et l&#8217;audit. Plus r\u00e9cemment, Andrea a \u00e9t\u00e9 consultante pour un organisme \u00e0 but non lucratif qui s&#8217;occupe de jeunes \u00e0 risque dans la r\u00e9gion du Grand Toronto, ainsi que pour une organisation coop\u00e9rative qui favorise l&#8217;autonomisation \u00e9conomique des femmes en Colombie. Elle est titulaire d&#8217;un MBA de l&#8217;Universit\u00e9 Queen&#8217;s et d&#8217;un baccalaur\u00e9at en commerce de l&#8217;Universit\u00e9 Concordia \u00e0 Montr\u00e9al.<\/p><\/div><ul class=\"social-icons clearfix\"><li class=\"social-icon social-linkedin\"><a href=\"https:\/\/www.linkedin.com\/in\/andrea-mejia-277b2741\/\" target=\"_blank\" title=\"LinkedIn\"><i class=\"fa fa-linkedin\"><\/i><\/a><\/li><li class=\"social-icon social-email\"><a href=\"mailto:amejia@newmarketfunds.ca\" title=\"Mail\"><i class=\"fa fa-send-o\"><\/i><\/a><\/li><\/ul><\/div>[\/vc_column_inner][vc_column_inner width=&#8221;1\/3&#8243; css=&#8221;.vc_custom_1525210833974{padding-top: 40px !important;padding-right: 40px !important;padding-bottom: 40px !important;padding-left: 40px !important;background-color: #ffffff !important;}&#8221;]<div class=\"member wpb_content_element\"><div class=\"member-img\"><img decoding=\"async\" src=\"https:\/\/communityforwardfund.ca\/fr\/wp-content\/uploads\/2021\/05\/Darren-Chang.jpg\" alt=\"\" \/><\/div><h4>Darren Chang<\/h4><div class=\"member-role\">Analyste financier<\/div><div class=\"member-content\"><p>Darren soutient les op\u00e9rations et les analyses financi\u00e8res de la plateforme New Market Funds. Son exp\u00e9rience ant\u00e9rieure comprend l&#8217;\u00e9valuation d&#8217;investissements priv\u00e9s au R\u00e9gime de retraite des enseignantes et des enseignants de l&#8217;Ontario, ainsi que la v\u00e9rification d&#8217;institutions financi\u00e8res et de biens immobiliers chez KPMG. Darren est titulaire d&#8217;un baccalaur\u00e9at en commerce de l&#8217;Universit\u00e9 de la Colombie-Britannique.<\/p><\/div><ul class=\"social-icons clearfix\"><li class=\"social-icon social-linkedin\"><a href=\"https:\/\/www.linkedin.com\/in\/darren-chang\/\" target=\"_blank\" title=\"LinkedIn\"><i class=\"fa fa-linkedin\"><\/i><\/a><\/li><li class=\"social-icon social-email\"><a href=\"mailto:dchang@newmarketfunds.ca\" title=\"Mail\"><i class=\"fa fa-send-o\"><\/i><\/a><\/li><\/ul><\/div>[\/vc_column_inner][vc_column_inner width=&#8221;1\/3&#8243; css=&#8221;.vc_custom_1700530913214{padding-top: 40px !important;padding-right: 40px !important;padding-bottom: 40px !important;padding-left: 40px !important;background-color: #ffffff !important;}&#8221;]<div class=\"member wpb_content_element\"><div class=\"member-img\"><img decoding=\"async\" src=\"https:\/\/communityforwardfund.ca\/fr\/wp-content\/uploads\/2023\/11\/IMG_0502-1-v2-scaled-e1700531428702.jpg\" alt=\"\" \/><\/div><h4>Huda Al-Asad<\/h4><div class=\"member-role\">Analyste financier<\/div><div class=\"member-content\"><p>Huda soutient les op\u00e9rations et les analyses financi\u00e8res de la plateforme New Market Funds.<\/p><\/div><ul class=\"social-icons clearfix\"><li class=\"social-icon social-linkedin\"><a href=\"https:\/\/www.linkedin.com\/in\/huda-al-asad-9b3687189\/\" target=\"_blank\" title=\"LinkedIn\"><i class=\"fa fa-linkedin\"><\/i><\/a><\/li><li class=\"social-icon social-email\"><a href=\"mailto:halasad@newmarketfunds.ca\" title=\"Mail\"><i class=\"fa fa-send-o\"><\/i><\/a><\/li><\/ul><\/div>[\/vc_column_inner][\/vc_row_inner][\/vc_column][\/vc_row][vc_row bg_color=&#8221;#ffffff&#8221; top_padding=&#8221;60&#8243; bottom_padding=&#8221;60&#8243;][vc_column width=&#8221;1\/1&#8243;]<h1 class=\"headline font-special fontsize-l fontweight-300 lh-inherit align-center transform-inherit \" style=\"margin: 0 0 40px 0;\">Finances, Op\u00e9rations Et Gestion<\/h1>[vc_row_inner][vc_column_inner width=&#8221;1\/4&#8243; css=&#8221;.vc_custom_1615934495152{padding-top: 40px !important;padding-right: 40px !important;padding-bottom: 40px !important;padding-left: 40px !important;background-color: #ffffff !important;}&#8221;]<div class=\"member wpb_content_element\"><div class=\"member-img\"><img decoding=\"async\" src=\"https:\/\/communityforwardfund.ca\/fr\/wp-content\/uploads\/2018\/05\/derek.jpg\" alt=\"\" \/><\/div><h4>Derek Ballantyne<\/h4><div class=\"member-role\">Chef De La Direction<\/div><div class=\"member-content\"><p><span lang=\"FR\">Il g\u00e8re et supervise les activit\u00e9s et la strat\u00e9gie du Fonds de progr\u00e8s communautaire et du Fonds d&#8217;investissement coop\u00e9ratif du Canada. Il poss\u00e8de plus de 20 ans d&#8217;exp\u00e9rience en tant que chef de la direction de Toronto Community Housing et chef de l&#8217;exploitation de Build Toronto. Il a d\u00e9ploy\u00e9 plus de 500 millions de dollars dans l&#8217;immobilier au Canada. Il d\u00e9tient un BA de l&#8217;Universit\u00e9 Carleton.<\/span><\/p><\/div><ul class=\"social-icons clearfix\"><li class=\"social-icon social-linkedin\"><a href=\"https:\/\/ca.linkedin.com\/pub\/derek-ballantyne\/9\/545\/485\" target=\"_blank\" title=\"LinkedIn\"><i class=\"fa fa-linkedin\"><\/i><\/a><\/li><li class=\"social-icon social-email\"><a href=\"mailto:dballantyne@newmarketfunds.ca\" title=\"Mail\"><i class=\"fa fa-send-o\"><\/i><\/a><\/li><\/ul><\/div>[\/vc_column_inner][vc_column_inner width=&#8221;1\/4&#8243; css=&#8221;.vc_custom_1615934502222{padding-top: 40px !important;padding-right: 40px !important;padding-bottom: 40px !important;padding-left: 40px !important;background-color: #ffffff !important;}&#8221;]<div class=\"member wpb_content_element\"><div class=\"member-img\"><img decoding=\"async\" src=\"https:\/\/communityforwardfund.ca\/fr\/wp-content\/uploads\/2020\/01\/0149Lauren-Czura-SQUARE-WEB.jpg\" alt=\"\" \/><\/div><h4>Lauren Giroday<\/h4><div class=\"member-role\">Associ\u00e9 principal et directeur financier<\/div><div class=\"member-content\"><p>Lauren g\u00e8re les op\u00e9rations financi\u00e8res et l&#8217;analyse sur la plate-forme New Market Funds. Elle a plus de 9 ans d&#8217;exp\u00e9rience financi\u00e8re et de gestion dans une combinaison d&#8217;entreprises publiques, priv\u00e9es et sociales. Elle d\u00e9tient un titre de CPA, CA et un BAcc (Hons) de l&#8217;Universit\u00e9 Brock.<\/p><\/div><ul class=\"social-icons clearfix\"><li class=\"social-icon social-linkedin\"><a href=\"https:\/\/www.linkedin.com\/in\/laurengiroday\/\" target=\"_blank\" title=\"LinkedIn\"><i class=\"fa fa-linkedin\"><\/i><\/a><\/li><li class=\"social-icon social-email\"><a href=\"mailto:lgiroday@newmarketfunds.ca\" title=\"Mail\"><i class=\"fa fa-send-o\"><\/i><\/a><\/li><\/ul><\/div>[\/vc_column_inner][vc_column_inner width=&#8221;1\/4&#8243; css=&#8221;.vc_custom_1615934511776{padding-top: 40px !important;padding-right: 40px !important;padding-bottom: 40px !important;padding-left: 40px !important;background-color: #ffffff !important;}&#8221;]<div class=\"member wpb_content_element\"><div class=\"member-img\"><img decoding=\"async\" src=\"https:\/\/communityforwardfund.ca\/fr\/wp-content\/uploads\/2023\/11\/DKGI-094912-2511-1-e1700531758431.jpg\" alt=\"\" \/><\/div><h4>Lisa Ainooson<\/h4><div class=\"member-role\">Contr\u00f4leur financier<\/div><div class=\"member-content\"><p>Lisa soutient les op\u00e9rations et les analyses financi\u00e8res \u00e0 travers la plateforme de New Market Funds. Elle a plus de 7 ans d\u2019exp\u00e9rience en finance et en comptabilit\u00e9 dans l\u2019administration de fonds et la gestion d\u2019actifs. Lisa est titulaire d\u2019un BA (Hons) en \u00e9conomie financi\u00e8re et d\u2019entreprise de l\u2019Universit\u00e9 de York et est en voie d\u2019obtenir son titre de CPA.<\/p><\/div><ul class=\"social-icons clearfix\"><li class=\"social-icon social-linkedin\"><a href=\"https:\/\/www.linkedin.com\/in\/lisastama\/\" target=\"_blank\" title=\"LinkedIn\"><i class=\"fa fa-linkedin\"><\/i><\/a><\/li><li class=\"social-icon social-email\"><a href=\"mailto:lainooson@newmarketfunds.ca\" title=\"Mail\"><i class=\"fa fa-send-o\"><\/i><\/a><\/li><\/ul><\/div>[\/vc_column_inner][vc_column_inner width=&#8221;1\/4&#8243; css=&#8221;.vc_custom_1700531030359{padding-top: 40px !important;padding-right: 40px !important;padding-bottom: 40px !important;padding-left: 40px !important;}&#8221;]<div class=\"member wpb_content_element\"><div class=\"member-img\"><img decoding=\"async\" src=\"https:\/\/communityforwardfund.ca\/fr\/wp-content\/uploads\/2023\/11\/New-Market-Funds_0220-v2-e1700531707394.jpg\" alt=\"\" \/><\/div><h4>Robin Goulding<\/h4><div class=\"member-role\">Coordinatrice des op\u00e9rations<\/div><div class=\"member-content\"><p>Robin soutient les op\u00e9rations quotidiennes et strat\u00e9giques de la plateforme New Market Funds. Elle poss\u00e8de plus de huit ans d\u2019exp\u00e9rience en gestion op\u00e9rationnelle dans des organismes sans but lucratif, notamment en travaillant dans le domaine du logement assist\u00e9 \u00e0 Vancouver et en dirigeant des op\u00e9rations humanitaires et de d\u00e9veloppement en Jordanie et en Irak. Robin est titulaire d\u2019un BA de l\u2019Universit\u00e9 de Colombie-Britannique et d\u2019un certificat en d\u00e9veloppement international du Humber College.<\/p><\/div><ul class=\"social-icons clearfix\"><li class=\"social-icon social-linkedin\"><a href=\"https:\/\/www.linkedin.com\/in\/robingoulding\/\" target=\"_blank\" title=\"LinkedIn\"><i class=\"fa fa-linkedin\"><\/i><\/a><\/li><li class=\"social-icon social-email\"><a href=\"mailto:rgoulding@newmarketfunds.ca\" title=\"Mail\"><i class=\"fa fa-send-o\"><\/i><\/a><\/li><\/ul><\/div>[\/vc_column_inner][\/vc_row_inner][vc_row_inner][vc_column_inner width=&#8221;1\/4&#8243; css=&#8221;.vc_custom_1620194251248{padding-top: 0px !important;padding-right: 0px !important;padding-bottom: 0px !important;padding-left: 0px !important;background-color: #ffffff !important;}&#8221;][\/vc_column_inner][vc_column_inner width=&#8221;1\/4&#8243; css=&#8221;.vc_custom_1620194244520{padding-top: 5px !important;padding-right: 5px !important;padding-bottom: 5px !important;padding-left: 5px !important;background-color: #ffffff !important;}&#8221;][\/vc_column_inner][vc_column_inner width=&#8221;1\/4&#8243; css=&#8221;.vc_custom_1620194237392{padding-top: 10px !important;padding-right: 10px !important;padding-bottom: 10px !important;padding-left: 10px !important;background-color: #ffffff !important;}&#8221;][\/vc_column_inner][vc_column_inner width=&#8221;1\/4&#8243;][\/vc_column_inner][\/vc_row_inner][\/vc_column][\/vc_row]<\/p>\n<\/div>","protected":false},"excerpt":{"rendered":"<p>[vc_row bg_image=&#8221;16341&#8243; top_padding=&#8221;150&#8243; bottom_padding=&#8221;150&#8243; bg_position=&#8221;center center&#8221;][vc_column width=&#8221;1\/1&#8243;][\/vc_column][\/vc_row][vc_row bg_color=&#8221;#71b170&#8243; text_color=&#8221;custom&#8221; custom_text_color=&#8221;#ffffff&#8221; text_align=&#8221;center&#8221; top_padding=&#8221;70&#8243; bottom_padding=&#8221;20&#8243;][vc_column width=&#8221;1\/1&#8243;][\/vc_column][\/vc_row][vc_row bg_color=&#8221;#ffffff&#8221; top_padding=&#8221;80&#8243; bottom_padding=&#8221;80&#8243;][vc_column width=&#8221;1\/1&#8243;][vc_row_inner][vc_column_inner width=&#8221;1\/3&#8243; css=&#8221;.vc_custom_1623785309521{padding-top: 40px !important;padding-right: 40px !important;padding-bottom: 40px !important;padding-left: 40px !important;background-color: #ffffff !important;}&#8221;][\/vc_column_inner][vc_column_inner width=&#8221;1\/3&#8243; css=&#8221;.vc_custom_1525210833974{padding-top: 40px !important;padding-right: 40px !important;padding-bottom: 40px !important;padding-left: 40px !important;background-color: #ffffff !important;}&#8221;][\/vc_column_inner][vc_column_inner width=&#8221;1\/3&#8243; css=&#8221;.vc_custom_1700530913214{padding-top: 40px !important;padding-right: 40px !important;padding-bottom: 40px !important;padding-left: 40px !important;background-color: #ffffff !important;}&#8221;][\/vc_column_inner][\/vc_row_inner][\/vc_column][\/vc_row][vc_row bg_color=&#8221;#ffffff&#8221; top_padding=&#8221;60&#8243; bottom_padding=&#8221;60&#8243;][vc_column width=&#8221;1\/1&#8243;][vc_row_inner][vc_column_inner width=&#8221;1\/4&#8243; css=&#8221;.vc_custom_1615934495152{padding-top: 40px !important;padding-right: 40px !important;padding-bottom: 40px !important;padding-left: 40px !important;background-color: #ffffff !important;}&#8221;][\/vc_column_inner][vc_column_inner width=&#8221;1\/4&#8243; css=&#8221;.vc_custom_1615934502222{padding-top: 40px !important;padding-right: 40px !important;padding-bottom: 40px !important;padding-left: 40px !important;background-color: #ffffff !important;}&#8221;][\/vc_column_inner][vc_column_inner width=&#8221;1\/4&#8243; css=&#8221;.vc_custom_1615934511776{padding-top: 40px !important;padding-right: 40px !important;padding-bottom: 40px !important;padding-left: 40px !important;background-color: #ffffff !important;}&#8221;][\/vc_column_inner][vc_column_inner width=&#8221;1\/4&#8243; css=&#8221;.vc_custom_1700531030359{padding-top: 40px !important;padding-right: 40px !important;padding-bottom: 40px !important;padding-left: 40px !important;}&#8221;][\/vc_column_inner][\/vc_row_inner][vc_row_inner][vc_column_inner width=&#8221;1\/4&#8243; css=&#8221;.vc_custom_1620194251248{padding-top: 0px !important;padding-right: 0px !important;padding-bottom: 0px !important;padding-left: 0px !important;background-color: #ffffff !important;}&#8221;][\/vc_column_inner][vc_column_inner width=&#8221;1\/4&#8243; css=&#8221;.vc_custom_1620194244520{padding-top: 5px !important;padding-right: 5px !important;padding-bottom: 5px !important;padding-left: 5px !important;background-color: #ffffff !important;}&#8221;][\/vc_column_inner][vc_column_inner width=&#8221;1\/4&#8243; css=&#8221;.vc_custom_1620194237392{padding-top: 10px !important;padding-right: 10px !important;padding-bottom: 10px !important;padding-left: 10px !important;background-color: #ffffff !important;}&#8221;][\/vc_column_inner][vc_column_inner width=&#8221;1\/4&#8243;][\/vc_column_inner][\/vc_row_inner][\/vc_column][\/vc_row]<\/p>\n","protected":false},"author":1,"featured_media":0,"parent":0,"menu_order":0,"comment_status":"open","ping_status":"open","template":"","meta":{"_monsterinsights_skip_tracking":false,"_monsterinsights_sitenote_active":false,"_monsterinsights_sitenote_note":"","_monsterinsights_sitenote_category":0,"footnotes":""},"class_list":["post-15334","page","type-page","status-publish","hentry"],"_links":{"self":[{"href":"https:\/\/communityforwardfund.ca\/fr\/wp-json\/wp\/v2\/pages\/15334","targetHints":{"allow":["GET"]}}],"collection":[{"href":"https:\/\/communityforwardfund.ca\/fr\/wp-json\/wp\/v2\/pages"}],"about":[{"href":"https:\/\/communityforwardfund.ca\/fr\/wp-json\/wp\/v2\/types\/page"}],"author":[{"embeddable":true,"href":"https:\/\/communityforwardfund.ca\/fr\/wp-json\/wp\/v2\/users\/1"}],"replies":[{"embeddable":true,"href":"https:\/\/communityforwardfund.ca\/fr\/wp-json\/wp\/v2\/comments?post=15334"}],"version-history":[{"count":88,"href":"https:\/\/communityforwardfund.ca\/fr\/wp-json\/wp\/v2\/pages\/15334\/revisions"}],"predecessor-version":[{"id":16794,"href":"https:\/\/communityforwardfund.ca\/fr\/wp-json\/wp\/v2\/pages\/15334\/revisions\/16794"}],"wp:attachment":[{"href":"https:\/\/communityforwardfund.ca\/fr\/wp-json\/wp\/v2\/media?parent=15334"}],"curies":[{"name":"wp","href":"https:\/\/api.w.org\/{rel}","templated":true}]}}